{"id":3,"date":"2020-04-19T08:29:20","date_gmt":"2020-04-19T08:29:20","guid":{"rendered":"https:\/\/cs13\/cgi\/addon_GT.cgi?s=GT::WP::Install::EIG+%28shineth7%29+-+10.0.87.64+%5BWordPress%3b+\/var\/hp\/common\/lib\/WordPress.pm%3b+295%3b+Hosting::gap_call%5D\/?page_id=3"},"modified":"2021-09-01T17:38:58","modified_gmt":"2021-09-02T01:38:58","slug":"privacy-policy","status":"publish","type":"page","link":"https:\/\/kidstourparis.com\/en\/privacy-policy\/","title":{"rendered":"Privacy Policy"},"content":{"rendered":"<section class=\"wpb-content-wrapper\"><p>[vc_row el_class=&#8221;fila-altura&#8221;][vc_column][vc_row_inner][vc_column_inner][vc_column_text el_class=&#8221;fila-ancho&#8221;]<\/p>\n<h4 style=\"text-align: left;\">In force on 01\/07\/2021<\/h4>\n<p style=\"text-align: justify;\">In accordance with the provisions of Articles 6-III and 19 of Law no. 2004-575 of 21 June 2004 for Confidence in the Digital Economy, known as L.C.E.N., it is brought to the attention of the Users of the https:\/\/kidstourparis.com\/ the present legal mentions.<\/p>\n<p style=\"text-align: justify;\">The connection and navigation on the site https:\/\/kidstourparis.com\/ by the User implies full and unreserved acceptance of the present legal notice. The latter are accessible on the site under the heading \u00abLegal notices\u00bb.<\/p>\n<h4><\/h4>\n<h4 style=\"text-align: left;\">ARTICLE 1: The Publisher<\/h4>\n<p style=\"text-align: justify;\">The editing and management of the publication of the site https:\/\/kidstourparis.com\/ is provided by VAZQUEZ JAVIER, domiciled 59 Rue de l&#8217;aqueduc, Paris, France, 75010, whose telephone number is 0766490153, and the e-mail address <a href=\"mailto:javier@tok.mx\">javier@tok.mx<\/a>.<\/p>\n<h4><\/h4>\n<h4 style=\"text-align: left;\">ARTICLE 2: The host<\/h4>\n<p style=\"text-align: justify;\">The host of https:\/\/kidstourparis.com\/ is the Vleeko SA de CV Company, headquartered in Toledo 39, Colonia Ju\u00e1rez, Delegaci\u00f3n Cuauht\u00e9moc, Ciudad de M\u00e9xico, CDMX, MEXICO, C\u00f3digo Postal 11460, with telephone number: +52 5553636101.<\/p>\n<h4><\/h4>\n<h4 style=\"text-align: left;\">ARTICLE 3: Access to the site<\/h4>\n<p style=\"text-align: justify;\">The site is accessible by any place, 7\/7, 24\/24 except in case of force majeure, planned or not interruption and which may result from a need for maintenance. In case of modification, interruption or suspension of the services the site https:\/\/kidstourparis.com\/ cannot be held responsible.<\/p>\n<h4><\/h4>\n<h4 style=\"text-align: left;\">ARTICLE 4: Data Collection<\/h4>\n<p style=\"text-align: justify;\">The site ensures to the User a collection and processing of personal information in the respect of privacy in accordance with the law no. 78-17 of January 6, 1978 relating to data processing, files and freedoms. The site is not reported to the CNIL because it is not mandatory.<\/p>\n<p style=\"text-align: justify;\">Under the French Data Protection Act, dated January 6, 1978, the User has the right to access, rectify, delete and oppose his personal data. The User exercises this right:<br \/>\nby email to javier@tok.mx<br \/>\nvia a contact form;<\/p>\n<h4><\/h4>\n<h4 style=\"text-align: left;\">ARTICLE 5: Cookies<\/h4>\n<p style=\"text-align: justify;\">The User is informed that during his visits to the site, a cookie can be installed automatically on his browser software. By browsing the site, it accepts them.<\/p>\n<p style=\"text-align: justify;\">A cookie is an element that does not identify the User but is used to record information about the User\u2019s browsing on the website. The User may disable this cookie by means of the settings in his browser software.<\/p>\n<h4><\/h4>\n<h4 style=\"text-align: left;\">ARTICLE 6: Intellectual Property<\/h4>\n<p style=\"text-align: justify;\">Any use, reproduction, distribution, marketing, modification of all or part of the website https:\/\/kidstourparis.com\/, without the permission of the Editor is prohibited and may result in legal proceedings as provided for in particular by the Intellectual Property Code and the Civil Code.<\/p>\n<p>[\/vc_column_text][\/vc_column_inner][\/vc_row_inner][\/vc_column][\/vc_row]<\/p>\n<\/section>","protected":false},"excerpt":{"rendered":"<p>[vc_row el_class=&#8221;fila-altura&#8221;][vc_column][vc_row_inner][vc_column_inner][vc_column_text el_class=&#8221;fila-ancho&#8221;] In force on 01\/07\/2021 In accordance with the provisions of Articles 6-III and 19 of Law no. 2004-575 of 21 June 2004 for Confidence in the Digital Economy, known as L.C.E.N., it is brought to the attention of the Users of the https:\/\/kidstourparis.com\/ the present legal mentions. The connection and navigation on [&hellip;]<\/p>\n","protected":false},"author":1,"featured_media":9231,"parent":0,"menu_order":0,"comment_status":"closed","ping_status":"open","template":"template-home-modern.php","meta":{"footnotes":"","_glsr_average":0,"_glsr_ranking":0,"_glsr_reviews":0,"_joinchat":[]},"_links":{"self":[{"href":"https:\/\/kidstourparis.com\/en\/wp-json\/wp\/v2\/pages\/3"}],"collection":[{"href":"https:\/\/kidstourparis.com\/en\/wp-json\/wp\/v2\/pages"}],"about":[{"href":"https:\/\/kidstourparis.com\/en\/wp-json\/wp\/v2\/types\/page"}],"author":[{"embeddable":true,"href":"https:\/\/kidstourparis.com\/en\/wp-json\/wp\/v2\/users\/1"}],"replies":[{"embeddable":true,"href":"https:\/\/kidstourparis.com\/en\/wp-json\/wp\/v2\/comments?post=3"}],"version-history":[{"count":3,"href":"https:\/\/kidstourparis.com\/en\/wp-json\/wp\/v2\/pages\/3\/revisions"}],"predecessor-version":[{"id":9392,"href":"https:\/\/kidstourparis.com\/en\/wp-json\/wp\/v2\/pages\/3\/revisions\/9392"}],"wp:featuredmedia":[{"embeddable":true,"href":"https:\/\/kidstourparis.com\/en\/wp-json\/wp\/v2\/media\/9231"}],"wp:attachment":[{"href":"https:\/\/kidstourparis.com\/en\/wp-json\/wp\/v2\/media?parent=3"}],"curies":[{"name":"wp","href":"https:\/\/api.w.org\/{rel}","templated":true}]}}