{"id":3,"date":"2020-04-19T08:29:20","date_gmt":"2020-04-19T08:29:20","guid":{"rendered":"https:\/\/cs13\/cgi\/addon_GT.cgi?s=GT::WP::Install::EIG+%28shineth7%29+-+10.0.87.64+%5BWordPress%3b+\/var\/hp\/common\/lib\/WordPress.pm%3b+295%3b+Hosting::gap_call%5D\/?page_id=3"},"modified":"2021-09-01T20:36:12","modified_gmt":"2021-09-02T01:36:12","slug":"politica-de-privacidad","status":"publish","type":"page","link":"https:\/\/kidstourparis.com\/es\/politica-de-privacidad\/","title":{"rendered":"Pol\u00edtica de privacidad"},"content":{"rendered":"<section class=\"wpb-content-wrapper\"><p>[vc_row el_class=\u00bbfila-altura\u00bb][vc_column][vc_row_inner][vc_column_inner][vc_column_text el_class=\u00bbfila-ancho\u00bb]<\/p>\n<h4 style=\"text-align: left;\">En vigor a 01\/07\/2021<\/h4>\n<p style=\"text-align: justify;\">De conformidad con lo dispuesto en los Art\u00edculos 6-III y 19 de la Ley 2004-575 de 21 de junio de 2004 para la Confianza en la econom\u00eda digital, denominada L.C.E.N., se comunica a los Usuarios del sitio https:\/\/kidstourparis.com\/ el presente Aviso Legal.<\/p>\n<p style=\"text-align: justify;\">La conexi\u00f3n y la navegaci\u00f3n en el sitio https:\/\/kidstourparis.com\/ por el Usuario implica la aceptaci\u00f3n \u00edntegra y sin reservas del presente aviso legal. Estas \u00faltimas pueden consultarse en la secci\u00f3n \u00abAvisos legales\u00bb.<\/p>\n<h4><\/h4>\n<h4 style=\"text-align: left;\">ART\u00cdCULO 1: EL EDITOR<\/h4>\n<p style=\"text-align: justify;\">La edici\u00f3n y direcci\u00f3n de la publicaci\u00f3n del sitio https:\/\/kidstourparis.com\/ est\u00e1 asegurada por VAZQUEZ JAVIER, domiciliada 59 Rue de l&#8217;aqueduc, Par\u00eds, Francia, 75010, cuyo n\u00famero de tel\u00e9fono es +33 766490153, y la direcci\u00f3n de correo electr\u00f3nico <a href=\"mailto:javier@tok.mx\">javier@tok.mx<\/a>.<\/p>\n<h4><\/h4>\n<h4 style=\"text-align: left;\">ART\u00cdCULO 2: El proveedor de alojamiento<\/h4>\n<p style=\"text-align: justify;\">El hospedador del sitio https:\/\/kidstourparis.com\/ es la Sociedad Vleeko SA de CV, con sede social en Toledo 39, Colonia Ju\u00e1rez, Delegaci\u00f3n Cuauht\u00e9moc, Ciudad de M\u00e9xico, CDMX, C\u00f3digo Postal 11460, M\u00e9xico, con n\u00famero de tel\u00e9fono: +52 5553636101.<\/p>\n<h4><\/h4>\n<h4 style=\"text-align: left;\">ART\u00cdCULO 3: Acceso al sitio<\/h4>\n<p style=\"text-align: justify;\">El sitio es accesible por cualquier lugar, 7j\/7, 24h\/24 salvo en caso de fuerza mayor, interrupci\u00f3n programada o no y que pueda derivarse de una necesidad de mantenimiento. En caso de modificaci\u00f3n, interrupci\u00f3n o suspensi\u00f3n de los servicios, el sitio https\/\/kidstourparis.com\/ no ser\u00e1 responsable.<\/p>\n<h4><\/h4>\n<h4 style=\"text-align: left;\">ART\u00cdCULO 4: Recopilaci\u00f3n de datos<\/h4>\n<p style=\"text-align: justify;\">El sitio garantiza al Usuario una recogida y un tratamiento de informaciones personales en el respeto de la vida privada de conformidad con la Ley n\u00ba 78-17, de 6 de enero de 1978, relativa a la inform\u00e1tica, a los ficheros y a las libertades. El sitio no se declara a la CNIL porque no es obligatorio.<\/p>\n<p style=\"text-align: justify;\">En virtud de la Ley Inform\u00e1tica y Libertades, de 6 de enero de 1978, el Usuario dispone de un derecho de acceso, rectificaci\u00f3n, supresi\u00f3n y oposici\u00f3n de sus datos personales. El Usuario ejerce este derecho:<br \/>\npor correo electr\u00f3nico a javier@tok.mx<br \/>\na trav\u00e9s de un formulario de contacto;<\/p>\n<h4><\/h4>\n<h4 style=\"text-align: left;\">ART\u00cdCULO 5: Cookies<\/h4>\n<p style=\"text-align: justify;\">Se informa al Usuario que durante sus visitas al sitio, una cookie puede instalarse autom\u00e1ticamente en su navegador. Navegando por el sitio, \u00e9l los acepta.<\/p>\n<p style=\"text-align: justify;\">Una cookie es un elemento que no permite identificar al Usuario pero sirve para guardar informaci\u00f3n relativa a la navegaci\u00f3n de \u00e9ste en el sitio Internet. El Usuario podr\u00e1 desactivar esta cookie a trav\u00e9s de los par\u00e1metros que figuran en su software de navegaci\u00f3n.<\/p>\n<h4><\/h4>\n<h4 style=\"text-align: left;\">ART\u00cdCULO 6: Propiedad intelectual<\/h4>\n<p style=\"text-align: justify;\">Cualquier uso, reproducci\u00f3n, difusi\u00f3n, comercializaci\u00f3n, modificaci\u00f3n de toda o parte del sitio https:\/\/kidstourparis.com\/, sin autorizaci\u00f3n del Editor est\u00e1 prohibida y podr\u00e1 dar lugar a acciones y procedimientos judiciales como los previstos en el C\u00f3digo de la Propiedad Intelectual y el C\u00f3digo Civil.<\/p>\n<p>[\/vc_column_text][\/vc_column_inner][\/vc_row_inner][\/vc_column][\/vc_row]<\/p>\n<\/section>","protected":false},"excerpt":{"rendered":"<p>[vc_row el_class=\u00bbfila-altura\u00bb][vc_column][vc_row_inner][vc_column_inner][vc_column_text el_class=\u00bbfila-ancho\u00bb] En vigor a 01\/07\/2021 De conformidad con lo dispuesto en los Art\u00edculos 6-III y 19 de la Ley 2004-575 de 21 de junio de 2004 para la Confianza en la econom\u00eda digital, denominada L.C.E.N., se comunica a los Usuarios del sitio https:\/\/kidstourparis.com\/ el presente Aviso Legal. La conexi\u00f3n y la navegaci\u00f3n en [&hellip;]<\/p>\n","protected":false},"author":1,"featured_media":9282,"parent":0,"menu_order":0,"comment_status":"closed","ping_status":"open","template":"template-home-modern.php","meta":{"footnotes":"","_glsr_average":0,"_glsr_ranking":0,"_glsr_reviews":0,"_joinchat":[]},"_links":{"self":[{"href":"https:\/\/kidstourparis.com\/es\/wp-json\/wp\/v2\/pages\/3"}],"collection":[{"href":"https:\/\/kidstourparis.com\/es\/wp-json\/wp\/v2\/pages"}],"about":[{"href":"https:\/\/kidstourparis.com\/es\/wp-json\/wp\/v2\/types\/page"}],"author":[{"embeddable":true,"href":"https:\/\/kidstourparis.com\/es\/wp-json\/wp\/v2\/users\/1"}],"replies":[{"embeddable":true,"href":"https:\/\/kidstourparis.com\/es\/wp-json\/wp\/v2\/comments?post=3"}],"version-history":[{"count":3,"href":"https:\/\/kidstourparis.com\/es\/wp-json\/wp\/v2\/pages\/3\/revisions"}],"predecessor-version":[{"id":9479,"href":"https:\/\/kidstourparis.com\/es\/wp-json\/wp\/v2\/pages\/3\/revisions\/9479"}],"wp:featuredmedia":[{"embeddable":true,"href":"https:\/\/kidstourparis.com\/es\/wp-json\/wp\/v2\/media\/9282"}],"wp:attachment":[{"href":"https:\/\/kidstourparis.com\/es\/wp-json\/wp\/v2\/media?parent=3"}],"curies":[{"name":"wp","href":"https:\/\/api.w.org\/{rel}","templated":true}]}}