{"id":8980,"date":"2021-06-30T22:30:17","date_gmt":"2021-07-01T03:30:17","guid":{"rendered":"https:\/\/kidstourparis.com\/about-us-copy\/"},"modified":"2021-12-01T02:33:48","modified_gmt":"2021-12-01T07:33:48","slug":"quienes-somos","status":"publish","type":"page","link":"https:\/\/kidstourparis.com\/es\/quienes-somos\/","title":{"rendered":"\u00bfQui\u00e9nes Somos?"},"content":{"rendered":"<section class=\"wpb-content-wrapper\"><p>[vc_row el_class=\u00bbfila-altura\u00bb][vc_column width=\u00bb1\/2&#8243;][vc_single_image image=\u00bb9097&#8243; img_size=\u00bbfull\u00bb][\/vc_column][vc_column width=\u00bb1\/2&#8243;][vc_column_text]<\/p>\n<h3 class=\"titulo-decorado\">\u00bfQUI\u00c9NES SOMOS?<\/h3>\n<p style=\"text-align: justify;\">KidsTour naci\u00f3 con la idea de hacer turismo familiar, en las ciudades m\u00e1s importantes de Europa, pero con un enfoque completamente concentrado en los ni\u00f1os y adolescentes, principalmente estudiantes de una lengua extranjera, para poder practicarla y descubrir nuevo vocabulario enfocado en la historia y la geograf\u00eda, el cual es necesario ocupar cuando viajamos a otros pa\u00edses.<\/p>\n<p style=\"text-align: justify;\">A trav\u00e9s de divertidas actividades y metodolog\u00edas aplicadas como rallys, fichas de juego, tarjetas de memorizaci\u00f3n, cuadernos para tomar apuntes, grabaciones de audio, aplicaciones m\u00f3viles, premios, y otras, <strong>TODAS ELLAS CREADAS POR ESPECIALISTAS EN EDUCACI\u00d3N<\/strong>, los ni\u00f1os y j\u00f3venes descubren la ciudad al tiempo que practican la lengua extranjera de acuerdo al nivel de aprendizaje que tienen en ella. Y por supuesto, los padres que acompa\u00f1an a los chicos se divierten tambi\u00e9n con las actividades, descubren los datos curiosos de la ciudad y, lo m\u00e1s importante, disfrutan ver a sus hijos aprender y divertirse al mismo tiempo.<\/p>\n<p style=\"text-align: justify;\">Nuestra metodolog\u00eda est\u00e1 basada en la teor\u00eda de que el aprendizaje de una lengua extranjera y, sobre todo, su pr\u00e1ctica, son muchos m\u00e1s efectivos cuando \u201cse vive\u201d la experiencia, que cuando se estudia. No es lo mismo aprender vocabulario cuando uno est\u00e1 viendo las cosas, escuchando una historia al respecto, tocando lo necesario para captar la esencia de ese vocabulario; en resumen, los chicos VIVEN la experiencia del idioma al mismo tiempo que conocen la ciudad y aprenden de ella, de la mano de nuestros expertos tur\u00edsticos.<\/p>\n<p style=\"text-align: justify;\">Practicar una lengua extranjera, conocer un poco de la historia de una ciudad y realizar una actividad familiar en conjunto, \u00a1nunca fue tan divertido! \u00a1Reserva con nosotros un tour y desc\u00fabrelo t\u00fa mismo con tu familia!<\/p>\n<p>[\/vc_column_text][\/vc_column][\/vc_row][vc_row full_width=\u00bbstretch_row\u00bb el_class=\u00bbfila-altura\u00bb css=\u00bb.vc_custom_1625112221584{background-image: url(https:\/\/kidstourparis.com\/wp-content\/uploads\/2021\/06\/KidsTour-figura35.jpg?id=8916) !important;background-position: center !important;background-repeat: no-repeat !important;background-size: cover !important;}\u00bb][vc_column][vc_column_text]<\/p>\n<h3 class=\"titulo-decorado\" style=\"text-align: left;\">\u00bfQU\u00c9 Y C\u00d3MO LO HACEMOS?<\/h3>\n<p>[\/vc_column_text][vc_row_inner][vc_column_inner width=\u00bb1\/2&#8243;][vc_column_text]<\/p>\n<p style=\"text-align: justify;\">Las actividades l\u00fadicas que hacemos durante el tour involucran la destreza visual, auditiva y f\u00edsica de los ni\u00f1os y adolescentes, as\u00ed como la ayuda de sus padres o los adultos que los acompa\u00f1an. Estas nos ayudan a darle a nuestro encuentro una experiencia completamente familiar y no solo concentrarnos en la parte hist\u00f3rica o ling\u00fc\u00edstica. Igualmente fomentan mucho el trabajo en equipo, ya sea directamente con sus familiares o con los otros miembros del tour a manera de socializaci\u00f3n.<\/p>\n<p style=\"text-align: justify;\">Estas actividades han sido dise\u00f1adas por especialistas en educaci\u00f3n que saben las mejores maneras de involucrar la atenci\u00f3n de los ni\u00f1os y adolescentes para el aprendizaje de una lengua o de cualquier tema cultural y est\u00e1n adaptadas al nivel escolar y edad de los mismos, para que sean lo suficientemente f\u00e1ciles y entretenidas para no perder su motivaci\u00f3n, pero tambi\u00e9n lo suficientemente retadoras para ganar su inter\u00e9s<\/p>\n<p style=\"text-align: justify;\"><strong>Entre muchas otras actividades que realizamos dentro de los tours, tenemos las siguientes listas de actividades l\u00fadicas, como ejemplo:<\/strong><\/p>\n<p>[\/vc_column_text][vc_empty_space height=\u00bb20px\u00bb][vc_column_text]<\/p>\n<ul>\n<li>Juegos para formar palabras y n\u00fameros con el vocabulario de la lengua seleccionada para practicar (franc\u00e9s, ingl\u00e9s o espa\u00f1ol).<\/li>\n<li>Acertijos matem\u00e1ticos que fomentan su destreza mental.<\/li>\n<li>Armado de rompecabezas de los temas vistos en las distintas paradas del tour que involucra su capacidad de atenci\u00f3n al buscar y armar las piezas.<\/li>\n<li>Juegos con materiales diversos que requieren paciencia, destreza f\u00edsica y creatividad para lograrlos.<\/li>\n<li>Entrevistas f\u00edsicas o virtuales con personas que hablan el idioma seleccionado para practicar el mismo de manera oral y desarrollar tambi\u00e9n su potencial de socializaci\u00f3n.<\/li>\n<li>Expresi\u00f3n de sentimientos sobre el tour y el aprendizaje a trav\u00e9s de din\u00e1micas en equipo.<\/li>\n<\/ul>\n<p>[\/vc_column_text][vc_column_text]<\/p>\n<p style=\"text-align: justify;\">Con todo esto, lo que buscamos es un desarrollo completo del participante de manera que incremente y potencie su cultura, su capacidad de retenci\u00f3n de datos, su socializaci\u00f3n con pares y familiares, su capacidad de escucha y atenci\u00f3n, su destreza f\u00edsica y mental y, por supuesto, su capacidad de disfrutar del tour al mismo tiempo que logra todo lo anterior, pasando un agradable momento en familia.<\/p>\n<p style=\"text-align: justify;\">Al final del tour se hace un conteo total de los puntos obtenidos de acuerdo a cada actividad y se entrega un reconocimiento, no importando si hay alguien con m\u00e1s o menos puntos, para reconocer su entrega, compromiso y dedicaci\u00f3n durante el trayecto.<\/p>\n<p>[\/vc_column_text][\/vc_column_inner][vc_column_inner width=\u00bb1\/2&#8243;][vc_single_image image=\u00bb8878&#8243; img_size=\u00bbfull\u00bb][\/vc_column_inner][\/vc_row_inner][\/vc_column][\/vc_row][vc_row full_width=\u00bbstretch_row_content\u00bb el_class=\u00bbfila-altura fila-desktop\u00bb el_id=\u00bbtours\u00bb][vc_column][vc_column_text]<\/p>\n<h3 class=\"titulo-decorado\" style=\"text-align: center;\">NUESTROS TOURS<\/h3>\n<p>[\/vc_column_text][\/vc_column][vc_column][vc_row_inner equal_height=\u00bbyes\u00bb][vc_column_inner el_class=\u00bbbox-tour\u00bb width=\u00bb1\/3&#8243;][vc_single_image image=\u00bb9283&#8243; img_size=\u00bbfull\u00bb alignment=\u00bbcenter\u00bb onclick=\u00bbcustom_link\u00bb link=\u00bbhttps:\/\/kidstourparis.com\/es\/paris-historico\/\u00bb][vc_column_text el_class=\u00bbsubtitulo\u00bb]<\/p>\n<p style=\"text-align: left;\"><strong>Catedral de Notre Dame \u25cf Santa Capilla \u25cf Palacio de Justicia \u25cf La Conciergerie \u25cf Puente Nuevo<\/strong><\/p>\n<p>[\/vc_column_text][vc_column_text el_class=\u00bbdescripcion\u00bb]<\/p>\n<h4><a href=\"https:\/\/kidstourparis.com\/es\/paris-historico\/\">PAR\u00cdS HIST\u00d3RICO<\/a><\/h4>\n<p style=\"text-align: justify;\"><span style=\"font-weight: 400;\">En este recorrido, creado para los chicos curiosos, conoceremos la historia de la Catedral de Par\u00eds y c\u00f3mo ha sobrevivido sus constantes cambios. Visitaremos el complejo integrado por la Santa Capilla, el Palacio de Justicia y la Conciergerie, los que hace varios siglos eran la residencia oficial de los reyes de Francia. Terminaremos el tour en el Puente Nuevo, controversialmente el puente m\u00e1s antiguo de Par\u00eds.<\/span><\/p>\n<p>[\/vc_column_text][vc_btn title=\u00bbRESERVA AQU\u00cd\u00bb style=\u00bb3d\u00bb color=\u00bbjuicy-pink\u00bb size=\u00bbsm\u00bb align=\u00bbcenter\u00bb link=\u00bburl:https%3A%2F%2Fkidstourparis.com%2Fes%2Fparis-historico%2F|title:Par%C3%ADs%20Hist%C3%B3rico\u00bb][\/vc_column_inner][vc_column_inner el_class=\u00bbbox-tour\u00bb width=\u00bb1\/3&#8243;][vc_single_image image=\u00bb9284&#8243; img_size=\u00bbfull\u00bb alignment=\u00bbcenter\u00bb onclick=\u00bbcustom_link\u00bb link=\u00bbhttps:\/\/kidstourparis.com\/es\/paris-cultural\/\u00bb][vc_column_text el_class=\u00bbsubtitulo\u00bb]<\/p>\n<p style=\"text-align: left;\"><strong>Academia Francesa \u25cf Puente de las Artes \u25cf Museo de Louvre \u25cf Arco del Triunfo del Carrusel \u25cf Jard\u00edn de las Tuller\u00edas<\/strong><\/p>\n<p>[\/vc_column_text][vc_column_text el_class=\u00bbdescripcion\u00bb]<\/p>\n<h4><a href=\"https:\/\/kidstourparis.com\/es\/paris-cultural\/\">PAR\u00cdS CULTURAL<\/a><\/h4>\n<p style=\"text-align: justify;\"><span style=\"font-weight: 400;\">Este es el recorrido perfecto para los chicos amantes del arte y la cultura, ya que aqu\u00ed conocer\u00e1n la instituci\u00f3n m\u00e1s antigua de Francia que rige el idioma franc\u00e9s. Hablaremos un poco del Puente de las Artes. Nos adentraremos a explicar la historia del Castillo del Louvre que ahora alberga el museo m\u00e1s visitado del mundo. Conocer\u00e1n tambi\u00e9n la historia del Arco del Triunfo del Carrusel y finalizaremos admirando los Jardines de las Tuller\u00edas.<\/span><\/p>\n<p>[\/vc_column_text][vc_btn title=\u00bbRESERVA AQU\u00cd\u00bb style=\u00bb3d\u00bb color=\u00bbjuicy-pink\u00bb size=\u00bbsm\u00bb align=\u00bbcenter\u00bb link=\u00bburl:https%3A%2F%2Fkidstourparis.com%2Fes%2Fparis-cultural%2F|title:Par%C3%ADs%20Cultural\u00bb][\/vc_column_inner][vc_column_inner el_class=\u00bbbox-tour\u00bb width=\u00bb1\/3&#8243;][vc_single_image image=\u00bb9285&#8243; img_size=\u00bbfull\u00bb alignment=\u00bbcenter\u00bb onclick=\u00bbcustom_link\u00bb link=\u00bbhttps:\/\/kidstourparis.com\/es\/paris-real\/\u00bb][vc_column_text el_class=\u00bbsubtitulo\u00bb]<\/p>\n<p style=\"text-align: left;\"><strong>Plaza de la Concordia \u25cf Palacio del El\u00edseo \u25cf Peque\u00f1o y Gran Palacio \u25cf Puente Alejandro III<\/strong><\/p>\n<p>[\/vc_column_text][vc_column_text el_class=\u00bbdescripcion\u00bb]<\/p>\n<h4><a href=\"https:\/\/kidstourparis.com\/es\/paris-real\/\">PAR\u00cdS REAL<\/a><\/h4>\n<p style=\"text-align: justify;\"><span style=\"font-weight: 400;\">Comenzaremos el recorrido en la Plaza de la Concordia hablando un poco de la Revoluci\u00f3n Francesa. Despu\u00e9s admiraremos la contraparte de la historia a trav\u00e9s del Palacio del El\u00edseo, residencia y oficina del presidente de la Rep\u00fablica Francesa. Contemplaremos despu\u00e9s la hermosa arquitectura del Gran Palacio, en conjunto tambi\u00e9n con el Peque\u00f1o Palacio. Finalizaremos el recorrido con el Puente Alejandro III, probablemente el m\u00e1s bello de Par\u00eds.<\/span><\/p>\n<p>[\/vc_column_text][vc_btn title=\u00bbRESERVA AQU\u00cd\u00bb style=\u00bb3d\u00bb color=\u00bbjuicy-pink\u00bb size=\u00bbsm\u00bb align=\u00bbcenter\u00bb link=\u00bburl:https%3A%2F%2Fkidstourparis.com%2Fes%2Fparis-real%2F|title:Par%C3%ADs%20Real\u00bb][\/vc_column_inner][\/vc_row_inner][vc_row_inner][vc_column_inner][vc_empty_space height=\u00bb100px\u00bb el_class=\u00bbhide-spacing\u00bb][\/vc_column_inner][\/vc_row_inner][vc_row_inner equal_height=\u00bbyes\u00bb][vc_column_inner el_class=\u00bbbox-tour\u00bb width=\u00bb1\/3&#8243;][vc_single_image image=\u00bb9286&#8243; img_size=\u00bbfull\u00bb alignment=\u00bbcenter\u00bb onclick=\u00bbcustom_link\u00bb link=\u00bbhttps:\/\/kidstourparis.com\/es\/paris-monumental\/\u00bb][vc_column_text el_class=\u00bbsubtitulo\u00bb]<\/p>\n<p style=\"text-align: left;\"><strong>Los Inv\u00e1lidos \u25cf Escuela Militar \u25cf Torre Eiffel<\/strong><\/p>\n<p>[\/vc_column_text][vc_column_text el_class=\u00bbdescripcion\u00bb]<\/p>\n<h4><a href=\"https:\/\/kidstourparis.com\/es\/paris-monumental\/\">PAR\u00cdS MONUMENTAL<\/a><\/h4>\n<p style=\"text-align: justify;\"><span style=\"font-weight: 400;\">Este es el recorrido perfecto para admirar el gran edificio y c\u00fapula que albergan la tumba del l\u00edder de l\u00edderes de Francia: el gran emperador Napole\u00f3n Bonaparte. Despu\u00e9s caminaremos hacia la Escuela Militar, donde estudi\u00f3 precisamente \u00e9l. Para finalizar el circuito nos encaminaremos al Campo Marte desde donde podremos contemplar detenidamente la Torre Eiffel, dise\u00f1ada por Gustave Eiffel para la Exposici\u00f3n Universal de 1889.<\/span><\/p>\n<p>[\/vc_column_text][vc_btn title=\u00bbRESERVA AQU\u00cd\u00bb style=\u00bb3d\u00bb color=\u00bbjuicy-pink\u00bb size=\u00bbsm\u00bb align=\u00bbcenter\u00bb link=\u00bburl:https%3A%2F%2Fkidstourparis.com%2Fes%2Fparis-monumental%2F|title:Paris%20Monumental\u00bb][\/vc_column_inner][vc_column_inner el_class=\u00bbbox-tour\u00bb width=\u00bb1\/3&#8243;][vc_single_image image=\u00bb9287&#8243; img_size=\u00bbfull\u00bb alignment=\u00bbcenter\u00bb onclick=\u00bbcustom_link\u00bb link=\u00bbhttps:\/\/kidstourparis.com\/es\/paris-latino\/\u00bb][vc_column_text el_class=\u00bbsubtitulo\u00bb]<\/p>\n<p style=\"text-align: left;\"><strong>Teatro Ode\u00f3n \u25cf Palacio y Jardines de Luxemburgo \u25cf Universidad Sorbona \u25cf Pante\u00f3n<\/strong><\/p>\n<p>[\/vc_column_text][vc_column_text el_class=\u00bbdescripcion\u00bb]<\/p>\n<h4><a href=\"https:\/\/kidstourparis.com\/es\/paris-latino\/\">PAR\u00cdS LATINO<\/a><\/h4>\n<p style=\"text-align: justify;\"><span style=\"font-weight: 400;\">Este es el tour creado para disfrutar de la belleza y la historia de los emblemas del Barrio Latino de Par\u00eds. Empezaremos visitando el Teatro Ode\u00f3n. Continuaremos directamente a los Jardines de Luxemburgo y conoceremos sobre el edificio que alberga el Senado de Francia: el Palacio de Luxemburgo. Caminaremos hacia los distintos edificios de la Universidad Sorbona y finalizaremos contemplando el Pante\u00f3n.<\/span><\/p>\n<p>[\/vc_column_text][vc_btn title=\u00bbRESERVA AQU\u00cd\u00bb style=\u00bb3d\u00bb color=\u00bbjuicy-pink\u00bb size=\u00bbsm\u00bb align=\u00bbcenter\u00bb link=\u00bburl:https%3A%2F%2Fkidstourparis.com%2Fes%2Fparis-latino%2F|title:Par%C3%ADs%20Latino\u00bb][\/vc_column_inner][vc_column_inner width=\u00bb1\/3&#8243;][\/vc_column_inner][\/vc_row_inner][vc_row_inner][vc_column_inner][vc_empty_space height=\u00bb50px\u00bb][vc_column_text]<\/p>\n<p style=\"text-align: center;\"><a class=\"link-decorado\" href=\"https:\/\/kidstourparis.com\/es\/reservar-tour\/\">RESERVA AQU\u00cd<\/a><\/p>\n<p>[\/vc_column_text][\/vc_column_inner][\/vc_row_inner][\/vc_column][\/vc_row]<\/p>\n<\/section>","protected":false},"excerpt":{"rendered":"<p>[vc_row el_class=\u00bbfila-altura\u00bb][vc_column width=\u00bb1\/2&#8243;][vc_single_image image=\u00bb9097&#8243; img_size=\u00bbfull\u00bb][\/vc_column][vc_column width=\u00bb1\/2&#8243;][vc_column_text] \u00bfQUI\u00c9NES SOMOS? KidsTour naci\u00f3 con la idea de hacer turismo familiar, en las ciudades m\u00e1s importantes de Europa, pero con un enfoque completamente concentrado en los ni\u00f1os y adolescentes, principalmente estudiantes de una lengua extranjera, para poder practicarla y descubrir nuevo vocabulario enfocado en la historia y la geograf\u00eda, [&hellip;]<\/p>\n","protected":false},"author":1,"featured_media":8876,"parent":0,"menu_order":0,"comment_status":"closed","ping_status":"closed","template":"template-home-modern.php","meta":{"footnotes":"","_glsr_average":0,"_glsr_ranking":0,"_glsr_reviews":0,"_joinchat":[]},"_links":{"self":[{"href":"https:\/\/kidstourparis.com\/es\/wp-json\/wp\/v2\/pages\/8980"}],"collection":[{"href":"https:\/\/kidstourparis.com\/es\/wp-json\/wp\/v2\/pages"}],"about":[{"href":"https:\/\/kidstourparis.com\/es\/wp-json\/wp\/v2\/types\/page"}],"author":[{"embeddable":true,"href":"https:\/\/kidstourparis.com\/es\/wp-json\/wp\/v2\/users\/1"}],"replies":[{"embeddable":true,"href":"https:\/\/kidstourparis.com\/es\/wp-json\/wp\/v2\/comments?post=8980"}],"version-history":[{"count":31,"href":"https:\/\/kidstourparis.com\/es\/wp-json\/wp\/v2\/pages\/8980\/revisions"}],"predecessor-version":[{"id":9545,"href":"https:\/\/kidstourparis.com\/es\/wp-json\/wp\/v2\/pages\/8980\/revisions\/9545"}],"wp:featuredmedia":[{"embeddable":true,"href":"https:\/\/kidstourparis.com\/es\/wp-json\/wp\/v2\/media\/8876"}],"wp:attachment":[{"href":"https:\/\/kidstourparis.com\/es\/wp-json\/wp\/v2\/media?parent=8980"}],"curies":[{"name":"wp","href":"https:\/\/api.w.org\/{rel}","templated":true}]}}