{"id":8992,"date":"2021-07-01T09:49:41","date_gmt":"2021-07-01T14:49:41","guid":{"rendered":"https:\/\/kidstourparis.com\/?page_id=8992"},"modified":"2021-12-01T02:29:55","modified_gmt":"2021-12-01T07:29:55","slug":"nuestros-tours","status":"publish","type":"page","link":"https:\/\/kidstourparis.com\/es\/nuestros-tours\/","title":{"rendered":"Nuestros Tours"},"content":{"rendered":"<section class=\"wpb-content-wrapper\"><p>[vc_row full_width=\u00bbstretch_row\u00bb equal_height=\u00bbyes\u00bb content_placement=\u00bbmiddle\u00bb el_class=\u00bbfila-altura\u00bb css=\u00bb.vc_custom_1625193128945{background-image: url(https:\/\/kidstourparis.com\/wp-content\/uploads\/2021\/06\/KidsTour-figura35.jpg?id=8916) !important;background-position: center !important;background-repeat: no-repeat !important;background-size: cover !important;}\u00bb el_id=\u00bbtours-familiares\u00bb][vc_column width=\u00bb1\/2&#8243;][vc_single_image image=\u00bb8882&#8243; img_size=\u00bbfull\u00bb alignment=\u00bbcenter\u00bb][\/vc_column][vc_column width=\u00bb1\/2&#8243;][vc_column_text]<\/p>\n<h3 class=\"titulo-decorado\">TOURS FAMILIARES<\/h3>\n<p>[\/vc_column_text][vc_column_text]<\/p>\n<p style=\"text-align: justify;\"><span style=\"font-weight: 400;\">Tenemos diferentes tours dentro de la ciudad de acuerdo al inter\u00e9s que tengan por conocer diferentes caras de Par\u00eds, todos ellos tienen aproximadamente la misma duraci\u00f3n (1.5 horas) y metodolog\u00eda. Caminaremos todo el tiempo, un poco m\u00e1s en un circuito que en otro dependiendo del tour que elijas, ya que tomamos en cuenta los espacios, las calles y los monumentos, edificios o estructuras a visitar. Igualmente haremos distintas paradas para realizar las actividades y din\u00e1micas para practicar el idioma que escogiste, al igual que para dar la explicaci\u00f3n de los lugares y emblemas que visitaremos. Es importante mencionar que NO entraremos a ninguno de los edificios cerrados, ya que el objetivo es que lo hagas t\u00fa mismo con tu familia, despu\u00e9s del recorrido y de conocer un poco de su historia.<\/span><\/p>\n<p style=\"text-align: center;\"><span style=\"font-weight: 400;\">Estos son los circuitos que tenemos disponibles, en cualquiera de ellos podr\u00e1s escoger practicar ya sea franc\u00e9s, ingl\u00e9s o espa\u00f1ol y en cada uno de los tours encontrar\u00e1s la rese\u00f1a de lo que visitaremos, as\u00ed como la recomendaci\u00f3n de edades para ese tour en espec\u00edfico:<\/span><\/p>\n<p>[\/vc_column_text][\/vc_column][\/vc_row][vc_row full_width=\u00bbstretch_row_content\u00bb el_class=\u00bbfila-altura fila-desktop\u00bb el_id=\u00bbtours\u00bb][vc_column][vc_column_text]<\/p>\n<h3 class=\"titulo-decorado\" style=\"text-align: center;\">NUESTROS TOURS<\/h3>\n<p>[\/vc_column_text][\/vc_column][vc_column][vc_row_inner equal_height=\u00bbyes\u00bb][vc_column_inner el_class=\u00bbbox-tour\u00bb width=\u00bb1\/3&#8243;][vc_single_image image=\u00bb9283&#8243; img_size=\u00bbfull\u00bb alignment=\u00bbcenter\u00bb onclick=\u00bbcustom_link\u00bb link=\u00bbhttps:\/\/kidstourparis.com\/es\/paris-historico\/\u00bb][vc_column_text el_class=\u00bbsubtitulo\u00bb]<\/p>\n<p style=\"text-align: left;\"><strong>Catedral de Notre Dame \u25cf Santa Capilla \u25cf Palacio de Justicia \u25cf La Conciergerie \u25cf Puente Nuevo<\/strong><\/p>\n<p>[\/vc_column_text][vc_column_text el_class=\u00bbdescripcion\u00bb]<\/p>\n<h4><a href=\"https:\/\/kidstourparis.com\/es\/paris-historico\/\">PAR\u00cdS HIST\u00d3RICO<\/a><\/h4>\n<p style=\"text-align: justify;\"><span style=\"font-weight: 400;\">En este recorrido, creado para los chicos curiosos, conoceremos la historia de la Catedral de Par\u00eds y c\u00f3mo ha sobrevivido sus constantes cambios. Visitaremos el complejo integrado por la Santa Capilla, el Palacio de Justicia y la Conciergerie, los que hace varios siglos eran la residencia oficial de los reyes de Francia. Terminaremos el tour en el Puente Nuevo, controversialmente el puente m\u00e1s antiguo de Par\u00eds.<\/span><\/p>\n<p>[\/vc_column_text][vc_btn title=\u00bbRESERVA AQU\u00cd\u00bb style=\u00bb3d\u00bb color=\u00bbjuicy-pink\u00bb size=\u00bbsm\u00bb align=\u00bbcenter\u00bb link=\u00bburl:https%3A%2F%2Fkidstourparis.com%2Fes%2Fparis-historico%2F|title:Par%C3%ADs%20Hist%C3%B3rico\u00bb][\/vc_column_inner][vc_column_inner el_class=\u00bbbox-tour\u00bb width=\u00bb1\/3&#8243;][vc_single_image image=\u00bb9284&#8243; img_size=\u00bbfull\u00bb alignment=\u00bbcenter\u00bb onclick=\u00bbcustom_link\u00bb link=\u00bbhttps:\/\/kidstourparis.com\/es\/paris-cultural\/\u00bb][vc_column_text el_class=\u00bbsubtitulo\u00bb]<\/p>\n<p style=\"text-align: left;\"><strong>Academia Francesa \u25cf Puente de las Artes \u25cf Museo de Louvre \u25cf Arco del Triunfo del Carrusel \u25cf Jard\u00edn de las Tuller\u00edas<\/strong><\/p>\n<p>[\/vc_column_text][vc_column_text el_class=\u00bbdescripcion\u00bb]<\/p>\n<h4><a href=\"https:\/\/kidstourparis.com\/es\/paris-cultural\/\">PAR\u00cdS CULTURAL<\/a><\/h4>\n<p style=\"text-align: justify;\"><span style=\"font-weight: 400;\">Este es el recorrido perfecto para los chicos amantes del arte y la cultura, ya que aqu\u00ed conocer\u00e1n la instituci\u00f3n m\u00e1s antigua de Francia que rige el idioma franc\u00e9s. Hablaremos un poco del Puente de las Artes. Nos adentraremos a explicar la historia del Castillo del Louvre que ahora alberga el museo m\u00e1s visitado del mundo. Conocer\u00e1n tambi\u00e9n la historia del Arco del Triunfo del Carrusel y finalizaremos admirando los Jardines de las Tuller\u00edas.<\/span><\/p>\n<p>[\/vc_column_text][vc_btn title=\u00bbRESERVA AQU\u00cd\u00bb style=\u00bb3d\u00bb color=\u00bbjuicy-pink\u00bb size=\u00bbsm\u00bb align=\u00bbcenter\u00bb link=\u00bburl:https%3A%2F%2Fkidstourparis.com%2Fes%2Fparis-cultural%2F|title:Par%C3%ADs%20Cultural\u00bb][\/vc_column_inner][vc_column_inner el_class=\u00bbbox-tour\u00bb width=\u00bb1\/3&#8243;][vc_single_image image=\u00bb9285&#8243; img_size=\u00bbfull\u00bb alignment=\u00bbcenter\u00bb onclick=\u00bbcustom_link\u00bb link=\u00bbhttps:\/\/kidstourparis.com\/es\/paris-real\/\u00bb][vc_column_text el_class=\u00bbsubtitulo\u00bb]<\/p>\n<p style=\"text-align: left;\"><strong>Plaza de la Concordia \u25cf Palacio del El\u00edseo \u25cf Peque\u00f1o y Gran Palacio \u25cf Puente Alejandro III<\/strong><\/p>\n<p>[\/vc_column_text][vc_column_text el_class=\u00bbdescripcion\u00bb]<\/p>\n<h4><a href=\"https:\/\/kidstourparis.com\/es\/paris-real\/\">PAR\u00cdS REAL<\/a><\/h4>\n<p style=\"text-align: justify;\"><span style=\"font-weight: 400;\">Comenzaremos el recorrido en la Plaza de la Concordia hablando un poco de la Revoluci\u00f3n Francesa. Despu\u00e9s admiraremos la contraparte de la historia a trav\u00e9s del Palacio del El\u00edseo, residencia y oficina del presidente de la Rep\u00fablica Francesa. Contemplaremos despu\u00e9s la hermosa arquitectura del Gran Palacio, en conjunto tambi\u00e9n con el Peque\u00f1o Palacio. Finalizaremos el recorrido con el Puente Alejandro III, probablemente el m\u00e1s bello de Par\u00eds.<\/span><\/p>\n<p>[\/vc_column_text][vc_btn title=\u00bbRESERVA AQU\u00cd\u00bb style=\u00bb3d\u00bb color=\u00bbjuicy-pink\u00bb size=\u00bbsm\u00bb align=\u00bbcenter\u00bb link=\u00bburl:https%3A%2F%2Fkidstourparis.com%2Fes%2Fparis-real%2F|title:Par%C3%ADs%20Real\u00bb][\/vc_column_inner][\/vc_row_inner][vc_row_inner][vc_column_inner][vc_empty_space height=\u00bb100px\u00bb el_class=\u00bbhide-spacing\u00bb][\/vc_column_inner][\/vc_row_inner][vc_row_inner equal_height=\u00bbyes\u00bb][vc_column_inner el_class=\u00bbbox-tour\u00bb width=\u00bb1\/3&#8243;][vc_single_image image=\u00bb9286&#8243; img_size=\u00bbfull\u00bb alignment=\u00bbcenter\u00bb onclick=\u00bbcustom_link\u00bb link=\u00bbhttps:\/\/kidstourparis.com\/es\/paris-monumental\/\u00bb][vc_column_text el_class=\u00bbsubtitulo\u00bb]<\/p>\n<p style=\"text-align: left;\"><strong>Los Inv\u00e1lidos \u25cf Escuela Militar \u25cf Torre Eiffel<\/strong><\/p>\n<p>[\/vc_column_text][vc_column_text el_class=\u00bbdescripcion\u00bb]<\/p>\n<h4><a href=\"https:\/\/kidstourparis.com\/es\/paris-monumental\/\">PAR\u00cdS MONUMENTAL<\/a><\/h4>\n<p style=\"text-align: justify;\"><span style=\"font-weight: 400;\">Este es el recorrido perfecto para admirar el gran edificio y c\u00fapula que albergan la tumba del l\u00edder de l\u00edderes de Francia: el gran emperador Napole\u00f3n Bonaparte. Despu\u00e9s caminaremos hacia la Escuela Militar, donde estudi\u00f3 precisamente \u00e9l. Para finalizar el circuito nos encaminaremos al Campo Marte desde donde podremos contemplar detenidamente la Torre Eiffel, dise\u00f1ada por Gustave Eiffel para la Exposici\u00f3n Universal de 1889.<\/span><\/p>\n<p>[\/vc_column_text][vc_btn title=\u00bbRESERVA AQU\u00cd\u00bb style=\u00bb3d\u00bb color=\u00bbjuicy-pink\u00bb size=\u00bbsm\u00bb align=\u00bbcenter\u00bb link=\u00bburl:https%3A%2F%2Fkidstourparis.com%2Fes%2Fparis-monumental%2F|title:Paris%20Monumental\u00bb][\/vc_column_inner][vc_column_inner el_class=\u00bbbox-tour\u00bb width=\u00bb1\/3&#8243;][vc_single_image image=\u00bb9287&#8243; img_size=\u00bbfull\u00bb alignment=\u00bbcenter\u00bb onclick=\u00bbcustom_link\u00bb link=\u00bbhttps:\/\/kidstourparis.com\/es\/paris-latino\/\u00bb][vc_column_text el_class=\u00bbsubtitulo\u00bb]<\/p>\n<p style=\"text-align: left;\"><strong>Teatro Ode\u00f3n \u25cf Palacio y Jardines de Luxemburgo \u25cf Universidad Sorbona \u25cf Pante\u00f3n<\/strong><\/p>\n<p>[\/vc_column_text][vc_column_text el_class=\u00bbdescripcion\u00bb]<\/p>\n<h4><a href=\"https:\/\/kidstourparis.com\/es\/paris-latino\/\">PAR\u00cdS LATINO<\/a><\/h4>\n<p style=\"text-align: justify;\"><span style=\"font-weight: 400;\">Este es el tour creado para disfrutar de la belleza y la historia de los emblemas del Barrio Latino de Par\u00eds. Empezaremos visitando el Teatro Ode\u00f3n. Continuaremos directamente a los Jardines de Luxemburgo y conoceremos sobre el edificio que alberga el Senado de Francia: el Palacio de Luxemburgo. Caminaremos hacia los distintos edificios de la Universidad Sorbona y finalizaremos contemplando el Pante\u00f3n.<\/span><\/p>\n<p>[\/vc_column_text][vc_btn title=\u00bbRESERVA AQU\u00cd\u00bb style=\u00bb3d\u00bb color=\u00bbjuicy-pink\u00bb size=\u00bbsm\u00bb align=\u00bbcenter\u00bb link=\u00bburl:https%3A%2F%2Fkidstourparis.com%2Fes%2Fparis-latino%2F|title:Par%C3%ADs%20Latino\u00bb][\/vc_column_inner][vc_column_inner width=\u00bb1\/3&#8243;][\/vc_column_inner][\/vc_row_inner][vc_row_inner][vc_column_inner][vc_empty_space height=\u00bb50px\u00bb][vc_column_text]<\/p>\n<p style=\"text-align: center;\"><a class=\"link-decorado\" href=\"https:\/\/kidstourparis.com\/es\/reservar-tour\/\">RESERVA AQU\u00cd<\/a><\/p>\n<p>[\/vc_column_text][\/vc_column_inner][\/vc_row_inner][\/vc_column][\/vc_row][vc_row full_width=\u00bbstretch_row\u00bb equal_height=\u00bbyes\u00bb content_placement=\u00bbmiddle\u00bb parallax_class=\u00bbyes\u00bb el_class=\u00bbfila-altura\u00bb css=\u00bb.vc_custom_1625192015208{background-image: url(https:\/\/kidstourparis.com\/wp-content\/uploads\/2021\/06\/KidsTour-figura35.jpg?id=8916) !important;background-position: center !important;background-repeat: no-repeat !important;background-size: cover !important;}\u00bb el_id=\u00bbreserva-y-precios\u00bb][vc_column width=\u00bb7\/12&#8243;][vc_column_text]<\/p>\n<h3 class=\"titulo-decorado\">RESERVA Y PRECIOS<\/h3>\n<p>[\/vc_column_text][vc_column_text]<\/p>\n<p style=\"text-align: justify;\"><b>Es importante que si ya sabes qu\u00e9 circuito quieres hacer lo reserves inmediatamente para asegurar tu lugar en el tour, ya que tenemos un cupo limitado.<\/b><\/p>\n<p>[\/vc_column_text][vc_row_inner el_class=\u00bbitem-padd\u00bb][vc_column_inner]<div class=\"st-featured-item image-left\">\r\n    <div class=\"image\">\r\n        <img src=\"https:\/\/kidstourparis.com\/es\/wp-content\/uploads\/2021\/06\/KidsTour-figura22.png\" class=\"img-responsive\" alt=\"\">    <\/div>\r\n    <div class=\"content\">\r\n        <h3 class=\"title\"><\/h3>\r\n        <div class=\"desc\">Tenemos estos 4 horarios disponibles: 9:00 hrs, 11:30 hrs, 15:00 hrs, 17:30 hrs  pero es importante aclarar que por motivos de climas, cierres temporales de museos o atracciones o la imposibilidad de hacer ciertas actividades en alguno de ellos, puede ser que non todos los tours est\u00e9n disponibles todos los d\u00edas. Cada recorrido dura en promedio entre 1.5 y 2 horas.<\/div>\r\n    <\/div>\r\n<\/div>\r\n<div class=\"st-featured-item image-left\">\r\n    <div class=\"image\">\r\n        <img src=\"https:\/\/kidstourparis.com\/es\/wp-content\/uploads\/2021\/06\/KidsTour-figura23.png\" class=\"img-responsive\" alt=\"\">    <\/div>\r\n    <div class=\"content\">\r\n        <h3 class=\"title\"><\/h3>\r\n        <div class=\"desc\">Recuerda que los menores de 18 a\u00f1os deber\u00e1n estar acompa\u00f1ados de, cuando menos, un adulto; es decir, un adulto por cada menor de edad en el tour.<\/div>\r\n    <\/div>\r\n<\/div>\r\n[\/vc_column_inner][\/vc_row_inner][vc_empty_space height=\u00bb15px\u00bb][vc_column_text]<\/p>\n<p style=\"text-align: left;\"><strong>El precio individual para cada menor de edad en cada circuito es de 20 \u20ac. <\/strong><\/p>\n<p style=\"text-align: left;\"><strong>El precio individual para cada adulto en cada circuito es de 15 \u20ac <\/strong><\/p>\n<p style=\"text-align: left;\"><strong>El precio familiar por 2 adultos y un menor es de 45 \u20ac <\/strong><\/p>\n<p style=\"text-align: left;\"><strong>El precio familiar por 2 adultos y 2 menores es de 60 \u20ac<\/strong><\/p>\n<p>[\/vc_column_text][vc_btn title=\u00bbVER TOURS\u00bb style=\u00bb3d\u00bb color=\u00bbwarning\u00bb size=\u00bbsm\u00bb align=\u00bbleft\u00bb link=\u00bburl:https%3A%2F%2Fkidstourparis.com%2Fes%2Freservar-tour%2F\u00bb][\/vc_column][vc_column width=\u00bb5\/12&#8243;][vc_single_image image=\u00bb8888&#8243; img_size=\u00bbfull\u00bb alignment=\u00bbcenter\u00bb][\/vc_column][\/vc_row][vc_row equal_height=\u00bbyes\u00bb content_placement=\u00bbmiddle\u00bb el_class=\u00bbfila-altura\u00bb el_id=\u00bbtours-escolares\u00bb][vc_column][vc_column_text]<\/p>\n<h3 class=\"titulo-decorado\">TOURS ESCOLARES<\/h3>\n<p>[\/vc_column_text][vc_row_inner content_placement=\u00bbmiddle\u00bb][vc_column_inner width=\u00bb1\/2&#8243;][vc_column_text]<\/p>\n<p style=\"text-align: justify;\">Estamos convencidos que el aprendizaje de los ni\u00f1os y j\u00f3venes debe ser vivencial para poder recordar la experiencia, y as\u00ed incluirla y aplicarla en el repertorio de conocimientos que tienen a lo largo de su educaci\u00f3n<\/p>\n<p style=\"text-align: justify;\">Con KidsTour esto es posible para los estudiantes de Primaria, Secundaria y Bachillerato, ya que, al tiempo que conocen un rinc\u00f3n emblem\u00e1tico de Par\u00eds, logran tambi\u00e9n la inmersi\u00f3n cultural del pa\u00eds de la lengua extranjera que se practicar\u00e1 durante el recorrido (<span style=\"font-weight: 400;\">sea ingl\u00e9s, espa\u00f1ol o franc\u00e9s<\/span>) a trav\u00e9s del aprendizaje transversal, que no es otra cosa que incorporar los conocimientos de las materias de Historia, Geograf\u00eda y Lenguas Extranjeras al mismo tiempo.<\/p>\n<p style=\"text-align: justify;\"><strong>En cada circuito que dise\u00f1amos, logramos:<\/strong><\/p>\n<ul>\n<li>Mostrar la parte hist\u00f3rica de Par\u00eds<\/li>\n<li>Practicar la lengua extranjera seleccionada<\/li>\n<li>Ense\u00f1ar la relaci\u00f3n hist\u00f3rica-geogr\u00e1fica de Espa\u00f1a o Inglaterra (dependiendo el idioma escogido) con Francia sobre la informaci\u00f3n de ese circuito.<\/li>\n<li>Todo lo anterior en conjunto con actividades l\u00fadicas y deportivas que fomentan que los 3 diferentes estilos de aprendizaje (visual, auditivo y kinest\u00e9sico) est\u00e9n cubiertos.<\/li>\n<\/ul>\n<p style=\"text-align: justify;\">Los alumnos, al terminar el tour, est\u00e1n en condiciones de incorporar todo el conocimiento adquirido durante el recorrido, gracias a nuestra t\u00e9cnica integral basada en la <strong>EXPERIENCIA<\/strong>, dise\u00f1ada por profesores con amplia experiencia en la educaci\u00f3n y el deporte y por profesionales del turismo. Y lo m\u00e1s importante es que tanto la informaci\u00f3n hist\u00f3rica de los diferentes circuitos, como el nivel de pr\u00e1ctica de la lengua extranjera, <strong>EST\u00c1N ACORDE AL PROGRAMA DE ESTUDIOS DEL NIVEL ESCOLAR DE LOS ALUMNOS<\/strong>.<\/p>\n<p style=\"text-align: justify;\">As\u00ed que, si tienes un grupo de alumnos de <strong>CP, CE, CM<\/strong> o desde 6\u00e8me hasta Terminal, nosotros te ofrecemos un tour adecuado para cada nivel escolar de acuerdo a la lengua extranjera que quieras que practiquen. Y si no te convences del que tenemos o quieres que abordemos historia, vocabulario y geograf\u00eda espec\u00edficas, \u00a1podemos dise\u00f1ar uno exclusivo para tu escuela!<\/p>\n<p>[\/vc_column_text][vc_btn title=\u00bbVER TOURS\u00bb style=\u00bb3d\u00bb color=\u00bbwarning\u00bb size=\u00bbsm\u00bb align=\u00bbright\u00bb link=\u00bburl:https%3A%2F%2Fkidstourparis.com%2Fes%2Freservar-tour%2F\u00bb][\/vc_column_inner][vc_column_inner width=\u00bb1\/2&#8243;][vc_single_image image=\u00bb8881&#8243; img_size=\u00bbfull\u00bb alignment=\u00bbcenter\u00bb][\/vc_column_inner][\/vc_row_inner][\/vc_column][\/vc_row]<\/p>\n<\/section>","protected":false},"excerpt":{"rendered":"<p>[vc_row full_width=\u00bbstretch_row\u00bb equal_height=\u00bbyes\u00bb content_placement=\u00bbmiddle\u00bb el_class=\u00bbfila-altura\u00bb css=\u00bb.vc_custom_1625193128945{background-image: url(https:\/\/kidstourparis.com\/wp-content\/uploads\/2021\/06\/KidsTour-figura35.jpg?id=8916) !important;background-position: center !important;background-repeat: no-repeat !important;background-size: cover !important;}\u00bb el_id=\u00bbtours-familiares\u00bb][vc_column width=\u00bb1\/2&#8243;][vc_single_image image=\u00bb8882&#8243; img_size=\u00bbfull\u00bb alignment=\u00bbcenter\u00bb][\/vc_column][vc_column width=\u00bb1\/2&#8243;][vc_column_text] TOURS FAMILIARES [\/vc_column_text][vc_column_text] Tenemos diferentes tours dentro de la ciudad de acuerdo al inter\u00e9s que tengan por conocer diferentes caras de Par\u00eds, todos ellos tienen aproximadamente la misma duraci\u00f3n (1.5 horas) y metodolog\u00eda. Caminaremos todo [&hellip;]<\/p>\n","protected":false},"author":1,"featured_media":8879,"parent":0,"menu_order":0,"comment_status":"closed","ping_status":"closed","template":"template-home-modern.php","meta":{"footnotes":"","_glsr_average":0,"_glsr_ranking":0,"_glsr_reviews":0,"_joinchat":[]},"_links":{"self":[{"href":"https:\/\/kidstourparis.com\/es\/wp-json\/wp\/v2\/pages\/8992"}],"collection":[{"href":"https:\/\/kidstourparis.com\/es\/wp-json\/wp\/v2\/pages"}],"about":[{"href":"https:\/\/kidstourparis.com\/es\/wp-json\/wp\/v2\/types\/page"}],"author":[{"embeddable":true,"href":"https:\/\/kidstourparis.com\/es\/wp-json\/wp\/v2\/users\/1"}],"replies":[{"embeddable":true,"href":"https:\/\/kidstourparis.com\/es\/wp-json\/wp\/v2\/comments?post=8992"}],"version-history":[{"count":77,"href":"https:\/\/kidstourparis.com\/es\/wp-json\/wp\/v2\/pages\/8992\/revisions"}],"predecessor-version":[{"id":9544,"href":"https:\/\/kidstourparis.com\/es\/wp-json\/wp\/v2\/pages\/8992\/revisions\/9544"}],"wp:featuredmedia":[{"embeddable":true,"href":"https:\/\/kidstourparis.com\/es\/wp-json\/wp\/v2\/media\/8879"}],"wp:attachment":[{"href":"https:\/\/kidstourparis.com\/es\/wp-json\/wp\/v2\/media?parent=8992"}],"curies":[{"name":"wp","href":"https:\/\/api.w.org\/{rel}","templated":true}]}}