{"id":9179,"date":"2021-07-07T15:05:31","date_gmt":"2021-07-07T20:05:31","guid":{"rendered":"https:\/\/kidstourparis.com\/es\/?page_id=9179"},"modified":"2021-12-01T01:55:46","modified_gmt":"2021-12-01T06:55:46","slug":"reservar-tour","status":"publish","type":"page","link":"https:\/\/kidstourparis.com\/es\/reservar-tour\/","title":{"rendered":"Reservar Tour"},"content":{"rendered":"<section class=\"wpb-content-wrapper\"><p>[vc_row full_width=\u00bbstretch_row_content\u00bb el_class=\u00bbfila-altura fila-desktop\u00bb el_id=\u00bbtours\u00bb][vc_column][vc_column_text]<\/p>\n<h3 class=\"titulo-decorado\" style=\"text-align: center;\">NUESTROS TOURS<\/h3>\n<p>[\/vc_column_text][\/vc_column][vc_column][vc_row_inner equal_height=\u00bbyes\u00bb][vc_column_inner el_class=\u00bbbox-tour\u00bb width=\u00bb1\/3&#8243;][vc_single_image image=\u00bb9283&#8243; img_size=\u00bbfull\u00bb alignment=\u00bbcenter\u00bb onclick=\u00bbcustom_link\u00bb link=\u00bbhttps:\/\/kidstourparis.com\/es\/paris-historico\/\u00bb][vc_column_text el_class=\u00bbsubtitulo\u00bb]<\/p>\n<p style=\"text-align: left;\"><strong>Catedral de Notre Dame \u25cf Santa Capilla \u25cf Palacio de Justicia \u25cf La Conciergerie \u25cf Puente Nuevo<\/strong><\/p>\n<p>[\/vc_column_text][vc_column_text el_class=\u00bbdescripcion\u00bb]<\/p>\n<h4><a href=\"https:\/\/kidstourparis.com\/es\/paris-historico\/\">PAR\u00cdS HIST\u00d3RICO<\/a><\/h4>\n<p style=\"text-align: justify;\"><span style=\"font-weight: 400;\">En este recorrido, creado para los chicos curiosos, conoceremos la historia de la Catedral de Par\u00eds y c\u00f3mo ha sobrevivido sus constantes cambios. Visitaremos el complejo integrado por la Santa Capilla, el Palacio de Justicia y la Conciergerie, los que hace varios siglos eran la residencia oficial de los reyes de Francia. Terminaremos el tour en el Puente Nuevo, controversialmente el puente m\u00e1s antiguo de Par\u00eds.<\/span><\/p>\n<p>[\/vc_column_text][vc_btn title=\u00bbRESERVA AQU\u00cd\u00bb style=\u00bb3d\u00bb color=\u00bbjuicy-pink\u00bb size=\u00bbsm\u00bb align=\u00bbcenter\u00bb link=\u00bburl:https%3A%2F%2Fkidstourparis.com%2Fes%2Fparis-historico%2F|title:Par%C3%ADs%20Hist%C3%B3rico\u00bb][\/vc_column_inner][vc_column_inner el_class=\u00bbbox-tour\u00bb width=\u00bb1\/3&#8243;][vc_single_image image=\u00bb9284&#8243; img_size=\u00bbfull\u00bb alignment=\u00bbcenter\u00bb onclick=\u00bbcustom_link\u00bb link=\u00bbhttps:\/\/kidstourparis.com\/es\/paris-cultural\/\u00bb][vc_column_text el_class=\u00bbsubtitulo\u00bb]<\/p>\n<p style=\"text-align: left;\"><strong>Academia Francesa \u25cf Puente de las Artes \u25cf Museo de Louvre \u25cf Arco del Triunfo del Carrusel \u25cf Jard\u00edn de las Tuller\u00edas<\/strong><\/p>\n<p>[\/vc_column_text][vc_column_text el_class=\u00bbdescripcion\u00bb]<\/p>\n<h4><a href=\"https:\/\/kidstourparis.com\/es\/paris-cultural\/\">PAR\u00cdS CULTURAL<\/a><\/h4>\n<p style=\"text-align: justify;\"><span style=\"font-weight: 400;\">Este es el recorrido perfecto para los chicos amantes del arte y la cultura, ya que aqu\u00ed conocer\u00e1n la instituci\u00f3n m\u00e1s antigua de Francia que rige el idioma franc\u00e9s. Hablaremos un poco del Puente de las Artes. Nos adentraremos a explicar la historia del Castillo del Louvre que ahora alberga el museo m\u00e1s visitado del mundo. Conocer\u00e1n tambi\u00e9n la historia del Arco del Triunfo del Carrusel y finalizaremos admirando los Jardines de las Tuller\u00edas.<\/span><\/p>\n<p>[\/vc_column_text][vc_btn title=\u00bbRESERVA AQU\u00cd\u00bb style=\u00bb3d\u00bb color=\u00bbjuicy-pink\u00bb size=\u00bbsm\u00bb align=\u00bbcenter\u00bb link=\u00bburl:https%3A%2F%2Fkidstourparis.com%2Fes%2Fparis-cultural%2F|title:Par%C3%ADs%20Cultural\u00bb][\/vc_column_inner][vc_column_inner el_class=\u00bbbox-tour\u00bb width=\u00bb1\/3&#8243;][vc_single_image image=\u00bb9285&#8243; img_size=\u00bbfull\u00bb alignment=\u00bbcenter\u00bb onclick=\u00bbcustom_link\u00bb link=\u00bbhttps:\/\/kidstourparis.com\/es\/paris-real\/\u00bb][vc_column_text el_class=\u00bbsubtitulo\u00bb]<\/p>\n<p style=\"text-align: left;\"><strong>Plaza de la Concordia \u25cf Palacio del El\u00edseo \u25cf Peque\u00f1o y Gran Palacio \u25cf Puente Alejandro III<\/strong><\/p>\n<p>[\/vc_column_text][vc_column_text el_class=\u00bbdescripcion\u00bb]<\/p>\n<h4><a href=\"https:\/\/kidstourparis.com\/es\/paris-real\/\">PAR\u00cdS REAL<\/a><\/h4>\n<p style=\"text-align: justify;\"><span style=\"font-weight: 400;\">Comenzaremos el recorrido en la Plaza de la Concordia hablando un poco de la Revoluci\u00f3n Francesa. Despu\u00e9s admiraremos la contraparte de la historia a trav\u00e9s del Palacio del El\u00edseo, residencia y oficina del presidente de la Rep\u00fablica Francesa. Contemplaremos despu\u00e9s la hermosa arquitectura del Gran Palacio, en conjunto tambi\u00e9n con el Peque\u00f1o Palacio. Finalizaremos el recorrido con el Puente Alejandro III, probablemente el m\u00e1s bello de Par\u00eds.<\/span><\/p>\n<p>[\/vc_column_text][vc_btn title=\u00bbRESERVA AQU\u00cd\u00bb style=\u00bb3d\u00bb color=\u00bbjuicy-pink\u00bb size=\u00bbsm\u00bb align=\u00bbcenter\u00bb link=\u00bburl:https%3A%2F%2Fkidstourparis.com%2Fes%2Fparis-real%2F|title:Par%C3%ADs%20Real\u00bb][\/vc_column_inner][\/vc_row_inner][vc_row_inner][vc_column_inner][vc_empty_space height=\u00bb100px\u00bb el_class=\u00bbhide-spacing\u00bb][\/vc_column_inner][\/vc_row_inner][vc_row_inner equal_height=\u00bbyes\u00bb][vc_column_inner el_class=\u00bbbox-tour\u00bb width=\u00bb1\/3&#8243;][vc_single_image image=\u00bb9286&#8243; img_size=\u00bbfull\u00bb alignment=\u00bbcenter\u00bb onclick=\u00bbcustom_link\u00bb link=\u00bbhttps:\/\/kidstourparis.com\/es\/paris-monumental\/\u00bb][vc_column_text el_class=\u00bbsubtitulo\u00bb]<\/p>\n<p style=\"text-align: left;\"><strong>Los Inv\u00e1lidos \u25cf Escuela Militar \u25cf Torre Eiffel<\/strong><\/p>\n<p>[\/vc_column_text][vc_column_text el_class=\u00bbdescripcion\u00bb]<\/p>\n<h4><a href=\"https:\/\/kidstourparis.com\/es\/paris-monumental\/\">PAR\u00cdS MONUMENTAL<\/a><\/h4>\n<p style=\"text-align: justify;\"><span style=\"font-weight: 400;\">Este es el recorrido perfecto para admirar el gran edificio y c\u00fapula que albergan la tumba del l\u00edder de l\u00edderes de Francia: el gran emperador Napole\u00f3n Bonaparte. Despu\u00e9s caminaremos hacia la Escuela Militar, donde estudi\u00f3 precisamente \u00e9l. Para finalizar el circuito nos encaminaremos al Campo Marte desde donde podremos contemplar detenidamente la Torre Eiffel, dise\u00f1ada por Gustave Eiffel para la Exposici\u00f3n Universal de 1889.<\/span><\/p>\n<p>[\/vc_column_text][vc_btn title=\u00bbRESERVA AQU\u00cd\u00bb style=\u00bb3d\u00bb color=\u00bbjuicy-pink\u00bb size=\u00bbsm\u00bb align=\u00bbcenter\u00bb link=\u00bburl:https%3A%2F%2Fkidstourparis.com%2Fes%2Fparis-monumental%2F|title:Paris%20Monumental\u00bb][\/vc_column_inner][vc_column_inner el_class=\u00bbbox-tour\u00bb width=\u00bb1\/3&#8243;][vc_single_image image=\u00bb9287&#8243; img_size=\u00bbfull\u00bb alignment=\u00bbcenter\u00bb onclick=\u00bbcustom_link\u00bb link=\u00bbhttps:\/\/kidstourparis.com\/es\/paris-latino\/\u00bb][vc_column_text el_class=\u00bbsubtitulo\u00bb]<\/p>\n<p style=\"text-align: left;\"><strong>Teatro Ode\u00f3n \u25cf Palacio y Jardines de Luxemburgo \u25cf Universidad Sorbona \u25cf Pante\u00f3n<\/strong><\/p>\n<p>[\/vc_column_text][vc_column_text el_class=\u00bbdescripcion\u00bb]<\/p>\n<h4><a href=\"https:\/\/kidstourparis.com\/es\/paris-latino\/\">PAR\u00cdS LATINO<\/a><\/h4>\n<p style=\"text-align: justify;\"><span style=\"font-weight: 400;\">Este es el tour creado para disfrutar de la belleza y la historia de los emblemas del Barrio Latino de Par\u00eds. Empezaremos visitando el Teatro Ode\u00f3n. Continuaremos directamente a los Jardines de Luxemburgo y conoceremos sobre el edificio que alberga el Senado de Francia: el Palacio de Luxemburgo. Caminaremos hacia los distintos edificios de la Universidad Sorbona y finalizaremos contemplando el Pante\u00f3n.<\/span><\/p>\n<p>[\/vc_column_text][vc_btn title=\u00bbRESERVA AQU\u00cd\u00bb style=\u00bb3d\u00bb color=\u00bbjuicy-pink\u00bb size=\u00bbsm\u00bb align=\u00bbcenter\u00bb link=\u00bburl:https%3A%2F%2Fkidstourparis.com%2Fes%2Fparis-latino%2F|title:Par%C3%ADs%20Latino\u00bb][\/vc_column_inner][vc_column_inner width=\u00bb1\/3&#8243;][\/vc_column_inner][\/vc_row_inner][\/vc_column][\/vc_row]<\/p>\n<\/section>","protected":false},"excerpt":{"rendered":"<p>[vc_row full_width=\u00bbstretch_row_content\u00bb el_class=\u00bbfila-altura fila-desktop\u00bb el_id=\u00bbtours\u00bb][vc_column][vc_column_text] NUESTROS TOURS [\/vc_column_text][\/vc_column][vc_column][vc_row_inner equal_height=\u00bbyes\u00bb][vc_column_inner el_class=\u00bbbox-tour\u00bb width=\u00bb1\/3&#8243;][vc_single_image image=\u00bb9283&#8243; img_size=\u00bbfull\u00bb alignment=\u00bbcenter\u00bb onclick=\u00bbcustom_link\u00bb link=\u00bbhttps:\/\/kidstourparis.com\/es\/paris-historico\/\u00bb][vc_column_text el_class=\u00bbsubtitulo\u00bb] Catedral de Notre Dame \u25cf Santa Capilla \u25cf Palacio de Justicia \u25cf La Conciergerie \u25cf Puente Nuevo [\/vc_column_text][vc_column_text el_class=\u00bbdescripcion\u00bb] PAR\u00cdS HIST\u00d3RICO En este recorrido, creado para los chicos curiosos, conoceremos la historia de la Catedral de Par\u00eds y [&hellip;]<\/p>\n","protected":false},"author":1,"featured_media":9388,"parent":0,"menu_order":0,"comment_status":"closed","ping_status":"closed","template":"template-home-modern.php","meta":{"footnotes":"","_glsr_average":0,"_glsr_ranking":0,"_glsr_reviews":0,"_joinchat":[]},"_links":{"self":[{"href":"https:\/\/kidstourparis.com\/es\/wp-json\/wp\/v2\/pages\/9179"}],"collection":[{"href":"https:\/\/kidstourparis.com\/es\/wp-json\/wp\/v2\/pages"}],"about":[{"href":"https:\/\/kidstourparis.com\/es\/wp-json\/wp\/v2\/types\/page"}],"author":[{"embeddable":true,"href":"https:\/\/kidstourparis.com\/es\/wp-json\/wp\/v2\/users\/1"}],"replies":[{"embeddable":true,"href":"https:\/\/kidstourparis.com\/es\/wp-json\/wp\/v2\/comments?post=9179"}],"version-history":[{"count":53,"href":"https:\/\/kidstourparis.com\/es\/wp-json\/wp\/v2\/pages\/9179\/revisions"}],"predecessor-version":[{"id":9521,"href":"https:\/\/kidstourparis.com\/es\/wp-json\/wp\/v2\/pages\/9179\/revisions\/9521"}],"wp:featuredmedia":[{"embeddable":true,"href":"https:\/\/kidstourparis.com\/es\/wp-json\/wp\/v2\/media\/9388"}],"wp:attachment":[{"href":"https:\/\/kidstourparis.com\/es\/wp-json\/wp\/v2\/media?parent=9179"}],"curies":[{"name":"wp","href":"https:\/\/api.w.org\/{rel}","templated":true}]}}