{"id":9319,"date":"2021-07-26T11:51:55","date_gmt":"2021-07-26T16:51:55","guid":{"rendered":"https:\/\/kidstourparis.com\/es\/?page_id=9319"},"modified":"2022-02-11T13:44:44","modified_gmt":"2022-02-11T18:44:44","slug":"testimonios","status":"publish","type":"page","link":"https:\/\/kidstourparis.com\/es\/testimonios\/","title":{"rendered":"Testimonios"},"content":{"rendered":"<section class=\"wpb-content-wrapper\"><p>[vc_row][vc_column][vc_empty_space][vc_column_text]<div class=\"glsr glsr-default\" id=\"glsr_2f509575\" data-from='shortcode' data-shortcode='site_reviews_form'><div class=\"glsr-form-wrap\">\n    <form class=\"glsr-review-form glsr-form\" method=\"post\" enctype=\"multipart\/form-data\">\n        <input name=\"site-reviews[_action]\" type=\"hidden\" value=\"submit-review\"><input name=\"site-reviews[_nonce]\" type=\"hidden\" value=\"8f3b65eb1a\"><input name=\"site-reviews[_post_id]\" type=\"hidden\" value=\"9319\"><input name=\"site-reviews[_referer]\" type=\"hidden\" value=\"\/es\/wp-json\/wp\/v2\/pages\/9319\"><input name=\"site-reviews[assigned_posts]\" type=\"hidden\" value=\"\"><input name=\"site-reviews[assigned_terms]\" type=\"hidden\" value=\"\"><input name=\"site-reviews[assigned_users]\" type=\"hidden\" value=\"\"><input name=\"site-reviews[excluded]\" type=\"hidden\" value=\"\"><input name=\"site-reviews[form_id]\" type=\"hidden\" value=\"glsr_2f509575\"><input name=\"site-reviews[terms_exist]\" type=\"hidden\" value=\"1\"><div class=\"glsr-field\" style=\"display:none;\"><label class=\"glsr-label glsr-label-text\" for=\"site-reviews-6fda504a-glsr_2f509575\"><span>Tu rese\u00f1a<\/span><\/label><input class=\"glsr-input glsr-input-text\" id=\"site-reviews-6fda504a-glsr_2f509575\" name=\"site-reviews[6fda504a]\" type=\"text\" value=\"\"><\/div><div class=\"glsr-field glsr-field-rating glsr-required\" data-field=\"rating\">\n    <label class=\"glsr-label glsr-label-rating\" for=\"site-reviews-rating-glsr_2f509575\"><span>Tu puntuaci\u00f3n global<\/span><\/label>\n    <select class=\"glsr-select browser-default no_wrap no-wrap\" id=\"site-reviews-rating-glsr_2f509575\" name=\"site-reviews[rating]\" required><option selected value=\"\">Seleccionar una puntuaci\u00f3n<\/option><option value=\"5\">5 estrellas<\/option><option value=\"4\">4 estrellas<\/option><option value=\"3\">3 estrellas<\/option><option value=\"2\">2 estrellas<\/option><option value=\"1\">1 estrella<\/option><\/select>\n    <div class=\"glsr-field-error\"><\/div>\n<\/div><div class=\"glsr-field glsr-field-text glsr-required\" data-field=\"title\">\n    <label class=\"glsr-label glsr-label-text\" for=\"site-reviews-title-glsr_2f509575\"><span>T\u00edtulo de tu rese\u00f1a<\/span><\/label>\n    <input class=\"glsr-input glsr-input-text\" id=\"site-reviews-title-glsr_2f509575\" name=\"site-reviews[title]\" type=\"text\" placeholder=\"Resume tu rese\u00f1a o resalta un detalle interesante\" required value=\"\">\n    <div class=\"glsr-field-error\"><\/div>\n<\/div><div class=\"glsr-field glsr-field-textarea glsr-required\" data-field=\"content\">\n    <label class=\"glsr-label glsr-label-textarea\" for=\"site-reviews-content-glsr_2f509575\"><span>Tu rese\u00f1a<\/span><\/label>\n    <textarea class=\"glsr-textarea\" id=\"site-reviews-content-glsr_2f509575\" name=\"site-reviews[content]\" placeholder=\"Comparte tu opini\u00f3n\" rows=\"5\" required><\/textarea>\n    <div class=\"glsr-field-error\"><\/div>\n<\/div><div class=\"glsr-field glsr-field-text glsr-required\" data-field=\"name\">\n    <label class=\"glsr-label glsr-label-text\" for=\"site-reviews-name-glsr_2f509575\"><span>Tu nombre<\/span><\/label>\n    <input class=\"glsr-input glsr-input-text\" id=\"site-reviews-name-glsr_2f509575\" name=\"site-reviews[name]\" type=\"text\" placeholder=\"Dinos tu nombre\" required value=\"\">\n    <div class=\"glsr-field-error\"><\/div>\n<\/div><div class=\"glsr-field glsr-field-email glsr-required\" data-field=\"email\">\n    <label class=\"glsr-label glsr-label-email\" for=\"site-reviews-email-glsr_2f509575\"><span>Tu correo electr\u00f3nico<\/span><\/label>\n    <input class=\"glsr-input glsr-input-email\" id=\"site-reviews-email-glsr_2f509575\" name=\"site-reviews[email]\" type=\"email\" placeholder=\"Dinos tu email\" required value=\"\">\n    <div class=\"glsr-field-error\"><\/div>\n<\/div><div class=\"glsr-field glsr-field-choice glsr-required\" data-field=\"terms\">\n    \n    <span class=\"glsr-field-toggle\">\n    <span class=\"glsr-toggle\">\n        <label for=\"site-reviews-terms-glsr_2f509575-1\">Esta rese\u00f1a se basa en mi propia experiencia y es mi opini\u00f3n genuina.<\/label>\n        <span class=\"glsr-toggle-switch\">\n            <input class=\"glsr-input-toggle\" id=\"site-reviews-terms-glsr_2f509575-1\" name=\"site-reviews[terms]\" type=\"checkbox\" value=\"1\" required> &#8203; <!-- zero-space character used for alignment -->\n            <span class=\"glsr-toggle-track\"><\/span>\n        <\/span>\n    <\/span>\n<\/span>\n    <div class=\"glsr-field-error\"><\/div>\n<\/div>\n        <div class=\"glsr-form-message\">\n    \n<\/div>\n        <div data-field=\"submit-button\">\n    <div class=\"wp-block-button\">\n        <button type=\"submit\" class=\"glsr-button wp-block-button__link\" \n            aria-busy=\"false\"\n            data-loading=\"Submitting, please wait...\" \n        >Enviar tu rese\u00f1a<\/button>\n    <\/div>\n<\/div>\n    <\/form>\n<\/div><\/div>[\/vc_column_text][vc_separator color=\u00bbpeacoc\u00bb][vc_column_text]<div class=\"glsr glsr-default\" id=\"glsr_d7a049ea\" data-from='shortcode' data-shortcode='site_reviews'><div class=\"glsr-reviews-wrap\">\n    <div class=\"glsr-reviews\">\n        <p class=\"glsr-no-margins\">No hay rese\u00f1as todav\u00eda. S\u00e9 el primero en escribir una.<\/p>\n    <\/div>\n    \n<\/div><\/div>\n<p>[ap_instagram_grid_rotator][\/vc_column_text][\/vc_column][\/vc_row]<\/p>\n<\/section>","protected":false},"excerpt":{"rendered":"<p>[vc_row][vc_column][vc_empty_space][vc_column_text][\/vc_column_text][vc_separator color=\u00bbpeacoc\u00bb][vc_column_text] [ap_instagram_grid_rotator][\/vc_column_text][\/vc_column][\/vc_row]<\/p>\n","protected":false},"author":1,"featured_media":9282,"parent":0,"menu_order":0,"comment_status":"closed","ping_status":"closed","template":"template-home-modern.php","meta":{"footnotes":"","_glsr_average":0,"_glsr_ranking":0,"_glsr_reviews":0,"_joinchat":[]},"_links":{"self":[{"href":"https:\/\/kidstourparis.com\/es\/wp-json\/wp\/v2\/pages\/9319"}],"collection":[{"href":"https:\/\/kidstourparis.com\/es\/wp-json\/wp\/v2\/pages"}],"about":[{"href":"https:\/\/kidstourparis.com\/es\/wp-json\/wp\/v2\/types\/page"}],"author":[{"embeddable":true,"href":"https:\/\/kidstourparis.com\/es\/wp-json\/wp\/v2\/users\/1"}],"replies":[{"embeddable":true,"href":"https:\/\/kidstourparis.com\/es\/wp-json\/wp\/v2\/comments?post=9319"}],"version-history":[{"count":6,"href":"https:\/\/kidstourparis.com\/es\/wp-json\/wp\/v2\/pages\/9319\/revisions"}],"predecessor-version":[{"id":9554,"href":"https:\/\/kidstourparis.com\/es\/wp-json\/wp\/v2\/pages\/9319\/revisions\/9554"}],"wp:featuredmedia":[{"embeddable":true,"href":"https:\/\/kidstourparis.com\/es\/wp-json\/wp\/v2\/media\/9282"}],"wp:attachment":[{"href":"https:\/\/kidstourparis.com\/es\/wp-json\/wp\/v2\/media?parent=9319"}],"curies":[{"name":"wp","href":"https:\/\/api.w.org\/{rel}","templated":true}]}}