{"id":9501,"date":"2021-12-01T01:22:22","date_gmt":"2021-12-01T06:22:22","guid":{"rendered":"https:\/\/kidstourparis.com\/es\/?page_id=9501"},"modified":"2023-11-21T14:31:49","modified_gmt":"2023-11-21T19:31:49","slug":"paris-historico","status":"publish","type":"page","link":"https:\/\/kidstourparis.com\/es\/paris-historico\/","title":{"rendered":"Par\u00eds Hist\u00f3rico"},"content":{"rendered":"<section class=\"wpb-content-wrapper\"><p>[vc_row full_width=\u00bbstretch_row_content\u00bb el_class=\u00bbfila-altura fila-desktop\u00bb el_id=\u00bbtours\u00bb][vc_column][vc_column_text]<\/p>\n<h3 class=\"titulo-decorado\" style=\"text-align: center;\">PAR\u00cdS HIST\u00d3RICO<\/h3>\n<p>[\/vc_column_text][vc_column_text el_class=\u00bbdescripcion\u00bb]<\/p>\n<p style=\"text-align: justify;\"><span style=\"font-weight: 400;\">En este recorrido, creado para los chicos curiosos, conoceremos la historia de la Catedral de Par\u00eds y c\u00f3mo ha sobrevivido a los constantes cambios que ha tenido la ciudad y el pa\u00eds desde que esta se construy\u00f3, sin olvidarnos de la inspiraci\u00f3n que fue para V\u00edctor Hugo hablar de ella y de sus g\u00e1rgolas y el Jorobado de Notre Dame que viv\u00eda en el campanario, \u00a1inclusive les contaremos una an\u00e9cdota sucedida en este lugar durante la coronaci\u00f3n de Napole\u00f3n! Tambi\u00e9n visitaremos el complejo integrado por la Santa Capilla, el Palacio de Justicia y la Conciergerie, los que hace varios siglos eran la residencia oficial de los reyes de Francia. Les contaremos por qu\u00e9 se construy\u00f3 la Santa Capilla y las reliquias guardadas en ella, as\u00ed como la historia de la Revoluci\u00f3n Francesa y c\u00f3mo y cu\u00e1ndo fue que la reina Mar\u00eda Antonieta de Francia estuvo encarcelada en este lugar. Terminaremos el tour contando una leyenda del Puente Nuevo, controversialmente el puente m\u00e1s antiguo de Par\u00eds.<br \/>\n<\/span><\/p>\n<p>[\/vc_column_text][\/vc_column][vc_column][vc_row_inner equal_height=\u00bbyes\u00bb][vc_column_inner el_class=\u00bbbox-tour\u00bb width=\u00bb1\/3&#8243;][vc_single_image image=\u00bb9283&#8243; img_size=\u00bbfull\u00bb alignment=\u00bbcenter\u00bb onclick=\u00bbcustom_link\u00bb link=\u00bbhttps:\/\/kidstourparis.com\/es\/st_tour\/paris-historico\/\u00bb][vc_column_text el_class=\u00bbsubtitulo\u00bb]<\/p>\n<p style=\"text-align: left;\"><strong>Catedral de Notre Dame \u25cf Santa Capilla \u25cf Palacio de Justicia \u25cf La Conciergerie \u25cf Puente Nuevo<\/strong><\/p>\n<p>[\/vc_column_text][vc_column_text el_class=\u00bbdescripcion\u00bb]<\/p>\n<h4><a href=\"https:\/\/kidstourparis.com\/es\/st_tour\/paris-historico\/\">Paquete Individual Par\u00eds Hist\u00f3rico<\/a><\/h4>\n<p style=\"text-align: justify;\">Paquete para un adulto y un ni\u00f1o (Adultos 15 \u20ac \/ Visita y ni\u00f1os 20 \u20ac \/ Visita)<\/p>\n<p>[\/vc_column_text][vc_btn title=\u00bbRESERVA AQU\u00cd\u00bb style=\u00bb3d\u00bb color=\u00bbjuicy-pink\u00bb size=\u00bbsm\u00bb align=\u00bbcenter\u00bb link=\u00bburl:https%3A%2F%2Fkidstourparis.com%2Fes%2Fst_tour%2Fparis-historico%2F|title:Par%C3%ADs%20Hist%C3%B3rico\u00bb][\/vc_column_inner][vc_column_inner el_class=\u00bbbox-tour\u00bb width=\u00bb1\/3&#8243;][vc_single_image image=\u00bb9349&#8243; img_size=\u00bbfull\u00bb alignment=\u00bbcenter\u00bb onclick=\u00bbcustom_link\u00bb link=\u00bbhttps:\/\/kidstourparis.com\/es\/st_tour\/paquete-familiar-paris-historico-2-adultos-y-1-nino\/\u00bb][vc_column_text el_class=\u00bbsubtitulo\u00bb]<\/p>\n<p style=\"text-align: left;\"><strong>Catedral de Notre Dame \u25cf Santa Capilla \u25cf Palacio de Justicia \u25cf La Conciergerie \u25cf Puente Nuevo<\/strong><\/p>\n<p>[\/vc_column_text][vc_column_text el_class=\u00bbdescripcion\u00bb]<\/p>\n<h4><a href=\"https:\/\/kidstourparis.com\/es\/st_tour\/paquete-familiar-paris-historico-2-adultos-y-1-nino\/\">Paquete familiar Par\u00eds Hist\u00f3rico (2 adultos y 1 ni\u00f1o)<\/a><\/h4>\n<p style=\"text-align: justify;\">Paquete para una familia (2 adultos y 1 ni\u00f1o): 45 \u20ac \/ Visita<\/p>\n<p>[\/vc_column_text][vc_btn title=\u00bbRESERVA AQU\u00cd\u00bb style=\u00bb3d\u00bb color=\u00bbjuicy-pink\u00bb size=\u00bbsm\u00bb align=\u00bbcenter\u00bb link=\u00bburl:https%3A%2F%2Fkidstourparis.com%2Fes%2Fst_tour%2Fpaquete-familiar-paris-historico-2-adultos-y-1-nino%2F|title:Par%C3%ADs%20Hist%C3%B3rico\u00bb][\/vc_column_inner][vc_column_inner el_class=\u00bbbox-tour\u00bb width=\u00bb1\/3&#8243;][vc_single_image image=\u00bb9351&#8243; img_size=\u00bbfull\u00bb alignment=\u00bbcenter\u00bb onclick=\u00bbcustom_link\u00bb link=\u00bbhttps:\/\/kidstourparis.com\/es\/st_tour\/paquete-familiar-paris-historico-2-adultos-y-2-ninos\/\u00bb][vc_column_text el_class=\u00bbsubtitulo\u00bb]<\/p>\n<p style=\"text-align: left;\"><strong>Catedral de Notre Dame \u25cf Santa Capilla \u25cf Palacio de Justicia \u25cf La Conciergerie \u25cf Puente Nuevo<\/strong><\/p>\n<p>[\/vc_column_text][vc_column_text el_class=\u00bbdescripcion\u00bb]<\/p>\n<h4><a href=\"https:\/\/kidstourparis.com\/es\/st_tour\/paquete-familiar-paris-historico-2-adultos-y-2-ninos\/\">Paquete familiar Par\u00eds Hist\u00f3rico (2 adultos y 2 ni\u00f1os)<\/a><\/h4>\n<p style=\"text-align: justify;\"><span style=\"font-weight: 400;\">Paquete para una familia (2 adultos y 2 menores): 60 \u20ac \/ Visita<\/span><\/p>\n<p>[\/vc_column_text][vc_btn title=\u00bbRESERVA AQU\u00cd\u00bb style=\u00bb3d\u00bb color=\u00bbjuicy-pink\u00bb size=\u00bbsm\u00bb align=\u00bbcenter\u00bb link=\u00bburl:https%3A%2F%2Fkidstourparis.com%2Fes%2Fst_tour%2Fpaquete-familiar-paris-historico-2-adultos-y-2-ninos%2F|title:Par%C3%ADs%20Hist%C3%B3rico\u00bb][\/vc_column_inner][\/vc_row_inner][\/vc_column][\/vc_row]<\/p>\n<\/section>","protected":false},"excerpt":{"rendered":"<p>[vc_row full_width=\u00bbstretch_row_content\u00bb el_class=\u00bbfila-altura fila-desktop\u00bb el_id=\u00bbtours\u00bb][vc_column][vc_column_text] PAR\u00cdS HIST\u00d3RICO [\/vc_column_text][vc_column_text el_class=\u00bbdescripcion\u00bb] En este recorrido, creado para los chicos curiosos, conoceremos la historia de la Catedral de Par\u00eds y c\u00f3mo ha sobrevivido a los constantes cambios que ha tenido la ciudad y el pa\u00eds desde que esta se construy\u00f3, sin olvidarnos de la inspiraci\u00f3n que fue para V\u00edctor [&hellip;]<\/p>\n","protected":false},"author":1,"featured_media":9502,"parent":0,"menu_order":0,"comment_status":"closed","ping_status":"closed","template":"template-home-modern.php","meta":{"footnotes":"","_glsr_average":0,"_glsr_ranking":0,"_glsr_reviews":0,"_joinchat":[]},"_links":{"self":[{"href":"https:\/\/kidstourparis.com\/es\/wp-json\/wp\/v2\/pages\/9501"}],"collection":[{"href":"https:\/\/kidstourparis.com\/es\/wp-json\/wp\/v2\/pages"}],"about":[{"href":"https:\/\/kidstourparis.com\/es\/wp-json\/wp\/v2\/types\/page"}],"author":[{"embeddable":true,"href":"https:\/\/kidstourparis.com\/es\/wp-json\/wp\/v2\/users\/1"}],"replies":[{"embeddable":true,"href":"https:\/\/kidstourparis.com\/es\/wp-json\/wp\/v2\/comments?post=9501"}],"version-history":[{"count":2,"href":"https:\/\/kidstourparis.com\/es\/wp-json\/wp\/v2\/pages\/9501\/revisions"}],"predecessor-version":[{"id":9608,"href":"https:\/\/kidstourparis.com\/es\/wp-json\/wp\/v2\/pages\/9501\/revisions\/9608"}],"wp:featuredmedia":[{"embeddable":true,"href":"https:\/\/kidstourparis.com\/es\/wp-json\/wp\/v2\/media\/9502"}],"wp:attachment":[{"href":"https:\/\/kidstourparis.com\/es\/wp-json\/wp\/v2\/media?parent=9501"}],"curies":[{"name":"wp","href":"https:\/\/api.w.org\/{rel}","templated":true}]}}