{"id":9504,"date":"2021-12-01T01:25:07","date_gmt":"2021-12-01T06:25:07","guid":{"rendered":"https:\/\/kidstourparis.com\/es\/?page_id=9504"},"modified":"2023-11-21T14:33:28","modified_gmt":"2023-11-21T19:33:28","slug":"paris-cultural","status":"publish","type":"page","link":"https:\/\/kidstourparis.com\/es\/paris-cultural\/","title":{"rendered":"Par\u00eds Cultural"},"content":{"rendered":"<section class=\"wpb-content-wrapper\"><p>[vc_row full_width=\u00bbstretch_row_content\u00bb el_class=\u00bbfila-altura fila-desktop\u00bb el_id=\u00bbtours\u00bb][vc_column][vc_column_text]<\/p>\n<h3 class=\"titulo-decorado\" style=\"text-align: center;\">PAR\u00cdS CULTURAL<\/h3>\n<p>[\/vc_column_text][vc_column_text el_class=\u00bbdescripcion\u00bb]<\/p>\n<p style=\"text-align: justify;\"><span style=\"font-weight: 400;\">Este es el recorrido perfecto para los chicos amantes del arte y la cultura, ya que aqu\u00ed conocer\u00e1n la instituci\u00f3n m\u00e1s antigua de Francia que rige el idioma franc\u00e9s; hablaremos un poco del Puente de las Artes que ha servido de inspiraci\u00f3n para pel\u00edculas, canciones, poemas, campa\u00f1as publicitarias, y m\u00e1s y, por supuesto, nos adentraremos a explicar la historia del Castillo del Louvre que ahora alberga el museo m\u00e1s visitado del mundo y platicaremos acerca de las obras m\u00e1s importantes que hay en este as\u00ed como la leyenda de las pir\u00e1mides del mismo que se construyeron para conmemorar el Bicentenario de la Revoluci\u00f3n Francesa sin olvidarnos de las an\u00e9cdotas de Luis XIV, \u00faltimo rey que vivi\u00f3 en este castillo; conocer\u00e1n tambi\u00e9n la historia del Arco del Triunfo del Carrusel mandado a hacer por el emperador Napole\u00f3n para conmemorar sus victorias y finalizaremos admirando los Jardines de las Tuller\u00edas y platicando acerca del hermoso palacio que estaba ah\u00ed hasta hace apenas 150 a\u00f1os y por qu\u00e9 no existe m\u00e1s.<br \/>\n<\/span><\/p>\n<p>[\/vc_column_text][\/vc_column][vc_column][vc_row_inner equal_height=\u00bbyes\u00bb][vc_column_inner el_class=\u00bbbox-tour\u00bb width=\u00bb1\/3&#8243;][vc_single_image image=\u00bb9284&#8243; img_size=\u00bbfull\u00bb alignment=\u00bbcenter\u00bb onclick=\u00bbcustom_link\u00bb link=\u00bbhttps:\/\/kidstourparis.com\/es\/st_tour\/paris-cultural\/\u00bb][vc_column_text el_class=\u00bbsubtitulo\u00bb]<\/p>\n<p style=\"text-align: left;\"><strong>Academia Francesa \u25cf Puente de las Artes \u25cf Museo del Louvre \u25cf Arco del Triunfo del Carrusel \u25cf Jard\u00edn de las Tuller\u00edas<\/strong><\/p>\n<p>[\/vc_column_text][vc_column_text el_class=\u00bbdescripcion\u00bb]<\/p>\n<h4><a href=\"https:\/\/kidstourparis.com\/es\/st_tour\/paris-cultural\/\">Paquete Individual Par\u00eds Cultural<\/a><\/h4>\n<p style=\"text-align: justify;\">Paquete para un adulto y un ni\u00f1o (Adultos 15 \u20ac \/ Visita y ni\u00f1os 20 \u20ac \/ Visita)<\/p>\n<p>[\/vc_column_text][vc_btn title=\u00bbRESERVA AQU\u00cd\u00bb style=\u00bb3d\u00bb color=\u00bbjuicy-pink\u00bb size=\u00bbsm\u00bb align=\u00bbcenter\u00bb link=\u00bburl:https%3A%2F%2Fkidstourparis.com%2Fes%2Fst_tour%2Fparis-cultural%2F|title:Par%C3%ADs%20Cultural\u00bb][\/vc_column_inner][vc_column_inner el_class=\u00bbbox-tour\u00bb width=\u00bb1\/3&#8243;][vc_single_image image=\u00bb9349&#8243; img_size=\u00bbfull\u00bb alignment=\u00bbcenter\u00bb onclick=\u00bbcustom_link\u00bb link=\u00bbhttps:\/\/kidstourparis.com\/es\/st_tour\/paquete-familiar-paris-cultural-2-adultos-y-1-nino\/\u00bb][vc_column_text el_class=\u00bbsubtitulo\u00bb]<\/p>\n<p style=\"text-align: left;\"><strong>Academia Francesa \u25cf Puente de las Artes \u25cf Museo del Louvre \u25cf Arco del Triunfo del Carrusel \u25cf Jard\u00edn de las Tuller\u00edas<\/strong><\/p>\n<p>[\/vc_column_text][vc_column_text el_class=\u00bbdescripcion\u00bb]<\/p>\n<h4><a href=\"https:\/\/kidstourparis.com\/es\/st_tour\/paquete-familiar-paris-cultural-2-adultos-y-1-nino\/\">Paquete familiar Par\u00eds Cultural (2 adultos y 1 ni\u00f1o)<\/a><\/h4>\n<p style=\"text-align: justify;\">Paquete para una familia (2 adultos y 1 ni\u00f1o): 45 \u20ac \/ Visita<\/p>\n<p>[\/vc_column_text][vc_btn title=\u00bbRESERVA AQU\u00cd\u00bb style=\u00bb3d\u00bb color=\u00bbjuicy-pink\u00bb size=\u00bbsm\u00bb align=\u00bbcenter\u00bb link=\u00bburl:https%3A%2F%2Fkidstourparis.com%2Fes%2Fst_tour%2Fpaquete-familiar-paris-cultural-2-adultos-y-1-nino%2F|title:Par%C3%ADs%20Cultural\u00bb][\/vc_column_inner][vc_column_inner el_class=\u00bbbox-tour\u00bb width=\u00bb1\/3&#8243;][vc_single_image image=\u00bb9351&#8243; img_size=\u00bbfull\u00bb alignment=\u00bbcenter\u00bb onclick=\u00bbcustom_link\u00bb link=\u00bbhttps:\/\/kidstourparis.com\/es\/st_tour\/paquete-familiar-paris-cultural-2-adultos-y-2-ninos\/\u00bb][vc_column_text el_class=\u00bbsubtitulo\u00bb]<\/p>\n<p style=\"text-align: left;\"><strong>Academia Francesa \u25cf Puente de las Artes \u25cf Museo del Louvre \u25cf Arco del Triunfo del Carrusel \u25cf Jard\u00edn de las Tuller\u00edas<\/strong><\/p>\n<p>[\/vc_column_text][vc_column_text el_class=\u00bbdescripcion\u00bb]<\/p>\n<h4><a href=\"https:\/\/kidstourparis.com\/es\/st_tour\/paquete-familiar-paris-cultural-2-adultos-y-2-ninos\/\">Paquete familiar Par\u00eds Cultural (2 adultos y 2 ni\u00f1os)<\/a><\/h4>\n<p style=\"text-align: justify;\"><span style=\"font-weight: 400;\">Paquete para una familia (2 adultos y 2 menores): 60 \u20ac \/ Visita<\/span><\/p>\n<p>[\/vc_column_text][vc_btn title=\u00bbRESERVA AQU\u00cd\u00bb style=\u00bb3d\u00bb color=\u00bbjuicy-pink\u00bb size=\u00bbsm\u00bb align=\u00bbcenter\u00bb link=\u00bburl:https%3A%2F%2Fkidstourparis.com%2Fes%2Fst_tour%2Fpaquete-familiar-paris-cultural-2-adultos-y-2-ninos%2F|title:Par%C3%ADs%20Cultural\u00bb][\/vc_column_inner][\/vc_row_inner][\/vc_column][\/vc_row]<\/p>\n<\/section>","protected":false},"excerpt":{"rendered":"<p>[vc_row full_width=\u00bbstretch_row_content\u00bb el_class=\u00bbfila-altura fila-desktop\u00bb el_id=\u00bbtours\u00bb][vc_column][vc_column_text] PAR\u00cdS CULTURAL [\/vc_column_text][vc_column_text el_class=\u00bbdescripcion\u00bb] Este es el recorrido perfecto para los chicos amantes del arte y la cultura, ya que aqu\u00ed conocer\u00e1n la instituci\u00f3n m\u00e1s antigua de Francia que rige el idioma franc\u00e9s; hablaremos un poco del Puente de las Artes que ha servido de inspiraci\u00f3n para pel\u00edculas, canciones, poemas, [&hellip;]<\/p>\n","protected":false},"author":1,"featured_media":9505,"parent":0,"menu_order":0,"comment_status":"closed","ping_status":"closed","template":"template-home-modern.php","meta":{"footnotes":"","_glsr_average":0,"_glsr_ranking":0,"_glsr_reviews":0,"_joinchat":[]},"_links":{"self":[{"href":"https:\/\/kidstourparis.com\/es\/wp-json\/wp\/v2\/pages\/9504"}],"collection":[{"href":"https:\/\/kidstourparis.com\/es\/wp-json\/wp\/v2\/pages"}],"about":[{"href":"https:\/\/kidstourparis.com\/es\/wp-json\/wp\/v2\/types\/page"}],"author":[{"embeddable":true,"href":"https:\/\/kidstourparis.com\/es\/wp-json\/wp\/v2\/users\/1"}],"replies":[{"embeddable":true,"href":"https:\/\/kidstourparis.com\/es\/wp-json\/wp\/v2\/comments?post=9504"}],"version-history":[{"count":2,"href":"https:\/\/kidstourparis.com\/es\/wp-json\/wp\/v2\/pages\/9504\/revisions"}],"predecessor-version":[{"id":9609,"href":"https:\/\/kidstourparis.com\/es\/wp-json\/wp\/v2\/pages\/9504\/revisions\/9609"}],"wp:featuredmedia":[{"embeddable":true,"href":"https:\/\/kidstourparis.com\/es\/wp-json\/wp\/v2\/media\/9505"}],"wp:attachment":[{"href":"https:\/\/kidstourparis.com\/es\/wp-json\/wp\/v2\/media?parent=9504"}],"curies":[{"name":"wp","href":"https:\/\/api.w.org\/{rel}","templated":true}]}}