{"id":9510,"date":"2021-12-01T01:33:12","date_gmt":"2021-12-01T06:33:12","guid":{"rendered":"https:\/\/kidstourparis.com\/es\/?page_id=9510"},"modified":"2023-11-21T14:37:19","modified_gmt":"2023-11-21T19:37:19","slug":"paris-monumental","status":"publish","type":"page","link":"https:\/\/kidstourparis.com\/es\/paris-monumental\/","title":{"rendered":"Par\u00eds Monumental"},"content":{"rendered":"<section class=\"wpb-content-wrapper\"><p>[vc_row full_width=\u00bbstretch_row_content\u00bb el_class=\u00bbfila-altura fila-desktop\u00bb el_id=\u00bbtours\u00bb][vc_column][vc_column_text]<\/p>\n<h3 class=\"titulo-decorado\" style=\"text-align: center;\">PAR\u00cdS MONUMENTAL<\/h3>\n<p>[\/vc_column_text][vc_column_text el_class=\u00bbdescripcion\u00bb]<\/p>\n<p style=\"text-align: justify;\"><span style=\"font-weight: 400;\">Este es el recorrido perfecto para admirar el gran museo y c\u00fapula que albergan la tumba del l\u00edder de l\u00edderes de Francia: el gran emperador Napole\u00f3n Bonaparte. Platicaremos sobre el mausoleo de este emperador de los franceses y de los otros parientes del mismo que fueron tambi\u00e9n reyes de otros pa\u00edses europeos, as\u00ed como de su hijo, el apodado \u201cRey Roma\u201d Napole\u00f3n II, y les contaremos si efectivamente fue rey de esta gran y hermosa ciudad. Despu\u00e9s caminaremos hacia la Escuela Militar, donde estudi\u00f3 precisamente Napole\u00f3n Bonaparte, y descubriremos por qu\u00e9 el rey Luis XV decidi\u00f3 mandarla construir. Para finalizar el circuito nos en caminaremos al Campo Marte desde donde podremos contemplar detenidamente la Torre Eiffel, dise\u00f1ada por Gustave Eiffel para la Exposici\u00f3n Universal de 1889, aprovechando tambi\u00e9n la conmemoraci\u00f3n del Aniversario de la Revoluci\u00f3n Francesa, y que hoy en d\u00eda es el gran \u00edcono tur\u00edstico de Par\u00eds, de Francia, de Europa y del mundo.<br \/>\n<\/span><\/p>\n<p>[\/vc_column_text][\/vc_column][vc_column][vc_row_inner equal_height=\u00bbyes\u00bb][vc_column_inner el_class=\u00bbbox-tour\u00bb width=\u00bb1\/3&#8243;][vc_single_image image=\u00bb9286&#8243; img_size=\u00bbfull\u00bb alignment=\u00bbcenter\u00bb onclick=\u00bbcustom_link\u00bb link=\u00bbhttps:\/\/kidstourparis.com\/es\/st_tour\/paris-monumental\/\u00bb][vc_column_text el_class=\u00bbsubtitulo\u00bb]<\/p>\n<p style=\"text-align: left;\"><strong>Los Inv\u00e1lidos \u25cf Escuela Militar \u25cf Torre Eiffel<\/strong><\/p>\n<p>[\/vc_column_text][vc_column_text el_class=\u00bbdescripcion\u00bb]<\/p>\n<h4><a href=\"https:\/\/kidstourparis.com\/es\/st_tour\/paris-monumental\/\">Paquete Individual Par\u00eds Monumental<\/a><\/h4>\n<p style=\"text-align: justify;\">Paquete para un adulto y un ni\u00f1o (Adultos 15 \u20ac \/ Visita y ni\u00f1os 20 \u20ac \/ Visita)<\/p>\n<p>[\/vc_column_text][vc_btn title=\u00bbRESERVA AQU\u00cd\u00bb style=\u00bb3d\u00bb color=\u00bbjuicy-pink\u00bb size=\u00bbsm\u00bb align=\u00bbcenter\u00bb link=\u00bburl:https%3A%2F%2Fkidstourparis.com%2Fes%2Fst_tour%2Fparis-monumental%2F|title:Par%C3%ADs%20Monumental\u00bb][\/vc_column_inner][vc_column_inner el_class=\u00bbbox-tour\u00bb width=\u00bb1\/3&#8243;][vc_single_image image=\u00bb9349&#8243; img_size=\u00bbfull\u00bb alignment=\u00bbcenter\u00bb onclick=\u00bbcustom_link\u00bb link=\u00bbhttps:\/\/kidstourparis.com\/es\/st_tour\/paquete-familiar-paris-monumental-2-adultos-y-1-nino\/\u00bb][vc_column_text el_class=\u00bbsubtitulo\u00bb]<\/p>\n<p style=\"text-align: left;\"><strong>Los Inv\u00e1lidos \u25cf Escuela Militar \u25cf Torre Eiffel<\/strong><\/p>\n<p>[\/vc_column_text][vc_column_text el_class=\u00bbdescripcion\u00bb]<\/p>\n<h4><a href=\"https:\/\/kidstourparis.com\/es\/st_tour\/paquete-familiar-paris-monumental-2-adultos-y-1-nino\/\">Paquete familiar Par\u00eds Monumental (2 adultos y 1 ni\u00f1o)<\/a><\/h4>\n<p style=\"text-align: justify;\">Paquete para una familia (2 adultos y 1 ni\u00f1o): 45 \u20ac \/ Visita<\/p>\n<p>[\/vc_column_text][vc_btn title=\u00bbRESERVA AQU\u00cd\u00bb style=\u00bb3d\u00bb color=\u00bbjuicy-pink\u00bb size=\u00bbsm\u00bb align=\u00bbcenter\u00bb link=\u00bburl:https%3A%2F%2Fkidstourparis.com%2Fes%2Fst_tour%2Fpaquete-familiar-paris-monumental-2-adultos-y-1-nino%2F|title:Par%C3%ADs%20Monumental\u00bb][\/vc_column_inner][vc_column_inner el_class=\u00bbbox-tour\u00bb width=\u00bb1\/3&#8243;][vc_single_image image=\u00bb9351&#8243; img_size=\u00bbfull\u00bb alignment=\u00bbcenter\u00bb onclick=\u00bbcustom_link\u00bb link=\u00bbhttps:\/\/kidstourparis.com\/es\/st_tour\/paquete-familiar-paris-monumental-2-adultos-y-2-ninos\/\u00bb][vc_column_text el_class=\u00bbsubtitulo\u00bb]<\/p>\n<p style=\"text-align: left;\"><strong>Los Inv\u00e1lidos \u25cf Escuela Militar \u25cf Torre Eiffel<\/strong><\/p>\n<p>[\/vc_column_text][vc_column_text el_class=\u00bbdescripcion\u00bb]<\/p>\n<h4><a href=\"https:\/\/kidstourparis.com\/es\/st_tour\/paquete-familiar-paris-monumental-2-adultos-y-2-ninos\/\">Paquete familiar Par\u00eds Monumental (2 adultos y 2 ni\u00f1os)<\/a><\/h4>\n<p style=\"text-align: justify;\"><span style=\"font-weight: 400;\">Paquete para una familia (2 adultos y 2 menores): 60 \u20ac \/ Visita<\/span><\/p>\n<p>[\/vc_column_text][vc_btn title=\u00bbRESERVA AQU\u00cd\u00bb style=\u00bb3d\u00bb color=\u00bbjuicy-pink\u00bb size=\u00bbsm\u00bb align=\u00bbcenter\u00bb link=\u00bburl:https%3A%2F%2Fkidstourparis.com%2Fes%2Fst_tour%2Fpaquete-familiar-paris-monumental-2-adultos-y-2-ninos%2F|title:Par%C3%ADs%20Monumental\u00bb][\/vc_column_inner][\/vc_row_inner][\/vc_column][\/vc_row]<\/p>\n<\/section>","protected":false},"excerpt":{"rendered":"<p>[vc_row full_width=\u00bbstretch_row_content\u00bb el_class=\u00bbfila-altura fila-desktop\u00bb el_id=\u00bbtours\u00bb][vc_column][vc_column_text] PAR\u00cdS MONUMENTAL [\/vc_column_text][vc_column_text el_class=\u00bbdescripcion\u00bb] Este es el recorrido perfecto para admirar el gran museo y c\u00fapula que albergan la tumba del l\u00edder de l\u00edderes de Francia: el gran emperador Napole\u00f3n Bonaparte. Platicaremos sobre el mausoleo de este emperador de los franceses y de los otros parientes del mismo que fueron [&hellip;]<\/p>\n","protected":false},"author":1,"featured_media":9511,"parent":0,"menu_order":0,"comment_status":"closed","ping_status":"closed","template":"template-home-modern.php","meta":{"footnotes":"","_glsr_average":0,"_glsr_ranking":0,"_glsr_reviews":0,"_joinchat":[]},"_links":{"self":[{"href":"https:\/\/kidstourparis.com\/es\/wp-json\/wp\/v2\/pages\/9510"}],"collection":[{"href":"https:\/\/kidstourparis.com\/es\/wp-json\/wp\/v2\/pages"}],"about":[{"href":"https:\/\/kidstourparis.com\/es\/wp-json\/wp\/v2\/types\/page"}],"author":[{"embeddable":true,"href":"https:\/\/kidstourparis.com\/es\/wp-json\/wp\/v2\/users\/1"}],"replies":[{"embeddable":true,"href":"https:\/\/kidstourparis.com\/es\/wp-json\/wp\/v2\/comments?post=9510"}],"version-history":[{"count":3,"href":"https:\/\/kidstourparis.com\/es\/wp-json\/wp\/v2\/pages\/9510\/revisions"}],"predecessor-version":[{"id":9612,"href":"https:\/\/kidstourparis.com\/es\/wp-json\/wp\/v2\/pages\/9510\/revisions\/9612"}],"wp:featuredmedia":[{"embeddable":true,"href":"https:\/\/kidstourparis.com\/es\/wp-json\/wp\/v2\/media\/9511"}],"wp:attachment":[{"href":"https:\/\/kidstourparis.com\/es\/wp-json\/wp\/v2\/media?parent=9510"}],"curies":[{"name":"wp","href":"https:\/\/api.w.org\/{rel}","templated":true}]}}