{"id":9513,"date":"2021-12-01T01:37:40","date_gmt":"2021-12-01T06:37:40","guid":{"rendered":"https:\/\/kidstourparis.com\/es\/?page_id=9513"},"modified":"2023-11-21T14:39:17","modified_gmt":"2023-11-21T19:39:17","slug":"paris-latino","status":"publish","type":"page","link":"https:\/\/kidstourparis.com\/es\/paris-latino\/","title":{"rendered":"Par\u00eds Latino"},"content":{"rendered":"<section class=\"wpb-content-wrapper\"><p>[vc_row full_width=\u00bbstretch_row_content\u00bb el_class=\u00bbfila-altura fila-desktop\u00bb el_id=\u00bbtours\u00bb][vc_column][vc_column_text]<\/p>\n<h3 class=\"titulo-decorado\" style=\"text-align: center;\">PAR\u00cdS LATINO<\/h3>\n<p>[\/vc_column_text][vc_column_text el_class=\u00bbdescripcion\u00bb]<\/p>\n<p style=\"text-align: justify;\">Este es el tour creado para disfrutar de la belleza y la historia de los emblemas del Barrio Latino de Par\u00eds. Empezaremos visitando el Teatro Ode\u00f3n que es uno de los 6 teatros nacionales de Francia, inaugurado por la Reina Mar\u00eda Antonieta. Continuaremos directamente a los Jardines de Luxemburgo y conoceremos sobre el edificio que alberga el Senado de Francia: el Palacio de Luxemburgo. Aqu\u00ed aprovecharemos para disfrutar de la belleza natural de los jardines, de la belleza estructural del Palacio y confirmaremos la teor\u00eda del bunker construido en caso de cualquier guerra o ataque para resguardar a los senadores de Francia\u2026 \u00bfser\u00e1 cierto? Caminaremos hacia los distintos edificios de la Universidad Sorbona \u00a1que es una de las 4 universidades m\u00e1s antiguas y prestigiosas del mundo! Y de d\u00f3nde han salido personajes como V\u00edctor Hugo, Madame Curie y Luis Pasteur. Y finalizaremos contemplando el Pante\u00f3n que hoy en d\u00eda es el gran mausoleo para dar reconocimiento a todos los personajes importantes de la historia de Francia, a excepci\u00f3n de los militares.<\/p>\n<p>[\/vc_column_text][\/vc_column][vc_column][vc_row_inner equal_height=\u00bbyes\u00bb][vc_column_inner el_class=\u00bbbox-tour\u00bb width=\u00bb1\/3&#8243;][vc_single_image image=\u00bb9287&#8243; img_size=\u00bbfull\u00bb alignment=\u00bbcenter\u00bb onclick=\u00bbcustom_link\u00bb link=\u00bbhttps:\/\/kidstourparis.com\/es\/st_tour\/paris-latino\/\u00bb][vc_column_text el_class=\u00bbsubtitulo\u00bb]<\/p>\n<p style=\"text-align: left;\"><strong>Teatro Ode\u00f3n \u25cf Palacio y Jardines de Luxemburgo \u25cf Universidad Sorbona \u25cf Pante\u00f3n<\/strong><\/p>\n<p>[\/vc_column_text][vc_column_text el_class=\u00bbdescripcion\u00bb]<\/p>\n<h4><a href=\"https:\/\/kidstourparis.com\/es\/st_tour\/paris-latino\/\">Paquete Individual Par\u00eds Latino<\/a><\/h4>\n<p style=\"text-align: justify;\">Paquete para un adulto y un ni\u00f1o (Adultos 15 \u20ac \/ Visita y ni\u00f1os 20 \u20ac \/ Visita)<\/p>\n<p>[\/vc_column_text][vc_btn title=\u00bbRESERVA AQU\u00cd\u00bb style=\u00bb3d\u00bb color=\u00bbjuicy-pink\u00bb size=\u00bbsm\u00bb align=\u00bbcenter\u00bb link=\u00bburl:https%3A%2F%2Fkidstourparis.com%2Fes%2Fst_tour%2Fparis-latino%2F|title:Par%C3%ADs%20Latino\u00bb][\/vc_column_inner][vc_column_inner el_class=\u00bbbox-tour\u00bb width=\u00bb1\/3&#8243;][vc_single_image image=\u00bb9349&#8243; img_size=\u00bbfull\u00bb alignment=\u00bbcenter\u00bb onclick=\u00bbcustom_link\u00bb link=\u00bbhttps:\/\/kidstourparis.com\/es\/st_tour\/paquete-familiar-paris-latino-2-adultos-y-1-nino\/\u00bb][vc_column_text el_class=\u00bbsubtitulo\u00bb]<\/p>\n<p style=\"text-align: left;\"><strong>Teatro Ode\u00f3n \u25cf Palacio y Jardines de Luxemburgo \u25cf Universidad Sorbona \u25cf Pante\u00f3n<\/strong><\/p>\n<p>[\/vc_column_text][vc_column_text el_class=\u00bbdescripcion\u00bb]<\/p>\n<h4><a href=\"https:\/\/kidstourparis.com\/es\/st_tour\/paquete-familiar-paris-latino-2-adultos-y-1-nino\/\">Paquete familiar Par\u00eds Latino (2 adultos y 1 ni\u00f1o)<\/a><\/h4>\n<p style=\"text-align: justify;\">Paquete para una familia (2 adultos y 1 ni\u00f1o): 45 \u20ac \/ Visita<\/p>\n<p>[\/vc_column_text][vc_btn title=\u00bbRESERVA AQU\u00cd\u00bb style=\u00bb3d\u00bb color=\u00bbjuicy-pink\u00bb size=\u00bbsm\u00bb align=\u00bbcenter\u00bb link=\u00bburl:https%3A%2F%2Fkidstourparis.com%2Fes%2Fst_tour%2Fpaquete-familiar-paris-latino-2-adultos-y-1-nino%2F|title:Par%C3%ADs%20Latino\u00bb][\/vc_column_inner][vc_column_inner el_class=\u00bbbox-tour\u00bb width=\u00bb1\/3&#8243;][vc_single_image image=\u00bb9351&#8243; img_size=\u00bbfull\u00bb alignment=\u00bbcenter\u00bb onclick=\u00bbcustom_link\u00bb link=\u00bbhttps:\/\/kidstourparis.com\/es\/st_tour\/paquete-familiar-paris-latino-2-adultos-y-2-ninos\/\u00bb][vc_column_text el_class=\u00bbsubtitulo\u00bb]<\/p>\n<p style=\"text-align: left;\"><strong>Teatro Ode\u00f3n \u25cf Palacio y Jardines de Luxemburgo \u25cf Universidad Sorbona \u25cf Pante\u00f3n<\/strong><\/p>\n<p>[\/vc_column_text][vc_column_text el_class=\u00bbdescripcion\u00bb]<\/p>\n<h4><a href=\"https:\/\/kidstourparis.com\/es\/st_tour\/paquete-familiar-paris-latino-2-adultos-y-2-ninos\/\">Paquete familiar Par\u00eds Latino (2 adultos y 2 ni\u00f1os)<\/a><\/h4>\n<p style=\"text-align: justify;\"><span style=\"font-weight: 400;\">Paquete para una familia (2 adultos y 2 menores): 60 \u20ac \/ Visita<\/span><\/p>\n<p>[\/vc_column_text][vc_btn title=\u00bbRESERVA AQU\u00cd\u00bb style=\u00bb3d\u00bb color=\u00bbjuicy-pink\u00bb size=\u00bbsm\u00bb align=\u00bbcenter\u00bb link=\u00bburl:https%3A%2F%2Fkidstourparis.com%2Fes%2Fst_tour%2Fpaquete-familiar-paris-latino-2-adultos-y-2-ninos%2F|title:Par%C3%ADs%20Latino\u00bb][\/vc_column_inner][\/vc_row_inner][\/vc_column][\/vc_row]<\/p>\n<\/section>","protected":false},"excerpt":{"rendered":"<p>[vc_row full_width=\u00bbstretch_row_content\u00bb el_class=\u00bbfila-altura fila-desktop\u00bb el_id=\u00bbtours\u00bb][vc_column][vc_column_text] PAR\u00cdS LATINO [\/vc_column_text][vc_column_text el_class=\u00bbdescripcion\u00bb] Este es el tour creado para disfrutar de la belleza y la historia de los emblemas del Barrio Latino de Par\u00eds. Empezaremos visitando el Teatro Ode\u00f3n que es uno de los 6 teatros nacionales de Francia, inaugurado por la Reina Mar\u00eda Antonieta. Continuaremos directamente a los [&hellip;]<\/p>\n","protected":false},"author":1,"featured_media":9514,"parent":0,"menu_order":0,"comment_status":"closed","ping_status":"closed","template":"template-home-modern.php","meta":{"footnotes":"","_glsr_average":0,"_glsr_ranking":0,"_glsr_reviews":0,"_joinchat":[]},"_links":{"self":[{"href":"https:\/\/kidstourparis.com\/es\/wp-json\/wp\/v2\/pages\/9513"}],"collection":[{"href":"https:\/\/kidstourparis.com\/es\/wp-json\/wp\/v2\/pages"}],"about":[{"href":"https:\/\/kidstourparis.com\/es\/wp-json\/wp\/v2\/types\/page"}],"author":[{"embeddable":true,"href":"https:\/\/kidstourparis.com\/es\/wp-json\/wp\/v2\/users\/1"}],"replies":[{"embeddable":true,"href":"https:\/\/kidstourparis.com\/es\/wp-json\/wp\/v2\/comments?post=9513"}],"version-history":[{"count":4,"href":"https:\/\/kidstourparis.com\/es\/wp-json\/wp\/v2\/pages\/9513\/revisions"}],"predecessor-version":[{"id":9615,"href":"https:\/\/kidstourparis.com\/es\/wp-json\/wp\/v2\/pages\/9513\/revisions\/9615"}],"wp:featuredmedia":[{"embeddable":true,"href":"https:\/\/kidstourparis.com\/es\/wp-json\/wp\/v2\/media\/9514"}],"wp:attachment":[{"href":"https:\/\/kidstourparis.com\/es\/wp-json\/wp\/v2\/media?parent=9513"}],"curies":[{"name":"wp","href":"https:\/\/api.w.org\/{rel}","templated":true}]}}